{"id":233455,"date":"2022-04-06T12:30:09","date_gmt":"2022-04-06T05:30:09","guid":{"rendered":"https:\/\/www.blog.wealthsuccess.edu.vn\/luyen-thi-a2-key-ket-10-12-tuoi\/"},"modified":"2023-02-19T11:41:24","modified_gmt":"2023-02-19T04:41:24","slug":"luyen-thi-a2-key-ket","status":"publish","type":"product","link":"https:\/\/blog.wealthsuccess.edu.vn\/en\/product\/luyen-thi-a2-key-ket\/","title":{"rendered":"Luy\u1ec7n Thi A2 KEY (KET) (10-12 tu\u1ed5i)"},"content":{"rendered":"<h2>Ch\u01b0\u01a1ng tr\u00ecnh luy\u1ec7n thi A2 KEY (KET) l\u00e0 g\u00ec?<\/h2>\n<p>Ch\u01b0\u01a1ng tr\u00ecnh luy\u1ec7n thi l\u1ea5y\u00a0<a href=\"https:\/\/www.wealthsuccess.edu.vn\/ket\" target=\"_blank\" rel=\"noopener\">Ch\u1ee9ng ch\u1ec9 A2 KEY (KET) c\u1ee7a Cambridge\u00a0<\/a>l\u00e0 m\u1ed9t k\u1ef3 thi ti\u1ebfng Anh d\u00e0nh cho c\u00e1c b\u00e9 t\u1eeb 10-12 tu\u1ed5i.\u00a0\u0110\u00e2y l\u00e0 m\u1ed9t k\u1ef3 thi ch\u1ea5t l\u01b0\u1ee3ng cao \u0111\u1ec3 ki\u1ec3m tra to\u00e0n b\u1ed9 c\u00e1c k\u1ef9 n\u0103ng ti\u1ebfng Anh c\u1ee7a b\u00e9 bao g\u1ed3m 3 ph\u1ea7n thi Nghe, N\u00f3i, \u0110\u1ecdc v\u00e0 Vi\u1ebft. \u0110\u1ec3 \u0111\u1eadu \u0111\u01b0\u1ee3c ch\u1ee9ng ch\u1ec9 A2 KEY (KET) th\u00ec s\u1ed1 \u0111i\u1ec3m t\u1ed5ng c\u1ed9ng c\u1ee7a b\u00e9 ph\u1ea3i n\u1eb1m trong kho\u1ea3ng 120 \u2013 140.<\/p>\n<h2>C\u00e1c b\u00e9 s\u1ebd h\u1ecdc \u0111\u01b0\u1ee3c g\u00ec?<\/h2>\n<ul>\n<li>T\u1ea5t c\u1ea3 c\u00e1c k\u1ef9 n\u0103ng bao g\u1ed3m Nghe, N\u00f3i, \u0110\u1ecdc, Vi\u1ebft, Ph\u00e1t \u00c2m v\u00e0 Ng\u1eef Ph\u00e1p.<\/li>\n<li>Ph\u01b0\u01a1ng ph\u00e1p h\u1ecdc \u0111\u01a1n gi\u1ea3n v\u00e0 vui nh\u1ed9n c\u1ee7a WEALTH SUCCESS ch\u1eafc ch\u1eafn s\u1ebd gi\u00fap c\u00e1c b\u00e9 giao ti\u1ebfp ti\u1ebfng Anh \u0111\u1ea7y t\u1ef1 tin, d\u1ec5 d\u00e0ng v\u00e0 ch\u1ee7 \u0111\u1ed9ng.<\/li>\n<li>Ngo\u00e0i ra, WEALTH SUCCESS c\u00f2n t\u1ed5 ch\u1ee9c c\u00e1c k\u1ef3 thi A2 KEY (KET) th\u1eed MI\u1ec4N PH\u00cd th\u01b0\u1eddng xuy\u00ean gi\u00fap b\u00e9 li\u00ean t\u1ee5c c\u1ecd x\u00e1t v\u00e0 t\u1ef1 tin h\u01a1n khi \u0111i thi th\u1eadt.<\/li>\n<\/ul>\n<div id=\"attachment_233798\" style=\"width: 650px\" class=\"wp-caption aligncenter\"><a href=\"https:\/\/www.wealthsuccess.edu.vn\/ket\" target=\"_blank\" rel=\"noopener\"><img fetchpriority=\"high\" decoding=\"async\" aria-describedby=\"caption-attachment-233798\" class=\"wp-image-233798\" src=\"https:\/\/blog.wealthsuccess.edu.vn\/wp-content\/uploads\/2021\/04\/Luye\u0323\u0302n-Thi-A2-KEY-KET-Tie\u0302\u0301ng-Anh-cho-be\u0301-10-12-tuo\u0302\u0309i-To\u0302\u0301c-do\u0323\u0302-THA\u0302\u0300N-TO\u0302\u0301C-5x-8x-ANH-NGU\u031b\u0303-WS.jpg.jpg\" alt=\"Luye\u0323\u0302n Thi A2 KEY (KET) - Tie\u0302\u0301ng Anh cho be\u0301 10-12 tuo\u0302\u0309i - To\u0302\u0301c \u0111o\u0323\u0302 THA\u0302\u0300N TO\u0302\u0301C 5x-8x - ANH NGU\u031b\u0303 WS.jpg\" width=\"640\" height=\"640\" title=\"\" srcset=\"https:\/\/blog.wealthsuccess.edu.vn\/wp-content\/uploads\/2021\/04\/Luye\u0323\u0302n-Thi-A2-KEY-KET-Tie\u0302\u0301ng-Anh-cho-be\u0301-10-12-tuo\u0302\u0309i-To\u0302\u0301c-do\u0323\u0302-THA\u0302\u0300N-TO\u0302\u0301C-5x-8x-ANH-NGU\u031b\u0303-WS.jpg.jpg 800w, https:\/\/blog.wealthsuccess.edu.vn\/wp-content\/uploads\/2021\/04\/Luye\u0323\u0302n-Thi-A2-KEY-KET-Tie\u0302\u0301ng-Anh-cho-be\u0301-10-12-tuo\u0302\u0309i-To\u0302\u0301c-do\u0323\u0302-THA\u0302\u0300N-TO\u0302\u0301C-5x-8x-ANH-NGU\u031b\u0303-WS.jpg-300x300.jpg 300w, https:\/\/blog.wealthsuccess.edu.vn\/wp-content\/uploads\/2021\/04\/Luye\u0323\u0302n-Thi-A2-KEY-KET-Tie\u0302\u0301ng-Anh-cho-be\u0301-10-12-tuo\u0302\u0309i-To\u0302\u0301c-do\u0323\u0302-THA\u0302\u0300N-TO\u0302\u0301C-5x-8x-ANH-NGU\u031b\u0303-WS.jpg-1024x1024.jpg 1024w, https:\/\/blog.wealthsuccess.edu.vn\/wp-content\/uploads\/2021\/04\/Luye\u0323\u0302n-Thi-A2-KEY-KET-Tie\u0302\u0301ng-Anh-cho-be\u0301-10-12-tuo\u0302\u0309i-To\u0302\u0301c-do\u0323\u0302-THA\u0302\u0300N-TO\u0302\u0301C-5x-8x-ANH-NGU\u031b\u0303-WS.jpg-150x150.jpg 150w, https:\/\/blog.wealthsuccess.edu.vn\/wp-content\/uploads\/2021\/04\/Luye\u0323\u0302n-Thi-A2-KEY-KET-Tie\u0302\u0301ng-Anh-cho-be\u0301-10-12-tuo\u0302\u0309i-To\u0302\u0301c-do\u0323\u0302-THA\u0302\u0300N-TO\u0302\u0301C-5x-8x-ANH-NGU\u031b\u0303-WS.jpg-768x768.jpg 768w, https:\/\/blog.wealthsuccess.edu.vn\/wp-content\/uploads\/2021\/04\/Luye\u0323\u0302n-Thi-A2-KEY-KET-Tie\u0302\u0301ng-Anh-cho-be\u0301-10-12-tuo\u0302\u0309i-To\u0302\u0301c-do\u0323\u0302-THA\u0302\u0300N-TO\u0302\u0301C-5x-8x-ANH-NGU\u031b\u0303-WS.jpg-1536x1536.jpg 1536w, https:\/\/blog.wealthsuccess.edu.vn\/wp-content\/uploads\/2021\/04\/Luye\u0323\u0302n-Thi-A2-KEY-KET-Tie\u0302\u0301ng-Anh-cho-be\u0301-10-12-tuo\u0302\u0309i-To\u0302\u0301c-do\u0323\u0302-THA\u0302\u0300N-TO\u0302\u0301C-5x-8x-ANH-NGU\u031b\u0303-WS.jpg-2048x2048.jpg 2048w, https:\/\/blog.wealthsuccess.edu.vn\/wp-content\/uploads\/2021\/04\/Luye\u0323\u0302n-Thi-A2-KEY-KET-Tie\u0302\u0301ng-Anh-cho-be\u0301-10-12-tuo\u0302\u0309i-To\u0302\u0301c-do\u0323\u0302-THA\u0302\u0300N-TO\u0302\u0301C-5x-8x-ANH-NGU\u031b\u0303-WS.jpg-100x100.jpg 100w, https:\/\/blog.wealthsuccess.edu.vn\/wp-content\/uploads\/2021\/04\/Luye\u0323\u0302n-Thi-A2-KEY-KET-Tie\u0302\u0301ng-Anh-cho-be\u0301-10-12-tuo\u0302\u0309i-To\u0302\u0301c-do\u0323\u0302-THA\u0302\u0300N-TO\u0302\u0301C-5x-8x-ANH-NGU\u031b\u0303-WS.jpg-350x350.jpg 350w, https:\/\/blog.wealthsuccess.edu.vn\/wp-content\/uploads\/2021\/04\/Luye\u0323\u0302n-Thi-A2-KEY-KET-Tie\u0302\u0301ng-Anh-cho-be\u0301-10-12-tuo\u0302\u0309i-To\u0302\u0301c-do\u0323\u0302-THA\u0302\u0300N-TO\u0302\u0301C-5x-8x-ANH-NGU\u031b\u0303-WS.jpg-788x788.jpg 788w, https:\/\/blog.wealthsuccess.edu.vn\/wp-content\/uploads\/2021\/04\/Luye\u0323\u0302n-Thi-A2-KEY-KET-Tie\u0302\u0301ng-Anh-cho-be\u0301-10-12-tuo\u0302\u0309i-To\u0302\u0301c-do\u0323\u0302-THA\u0302\u0300N-TO\u0302\u0301C-5x-8x-ANH-NGU\u031b\u0303-WS.jpg-600x600.jpg 600w\" sizes=\"(max-width: 640px) 100vw, 640px\" \/><\/a><p id=\"caption-attachment-233798\" class=\"wp-caption-text\">Luye\u0323\u0302n Thi A2 KEY (KET) &#8211; Tie\u0302\u0301ng Anh cho be\u0301 10-12 tuo\u0302\u0309i &#8211; WEALTH SUCCESS<\/p><\/div>\n<h2>\u0110i\u1ec1u ki\u1ec7n \u0111\u1ec3 tham gia l\u1edbp A2 KEY (KET)?<\/h2>\n<p>\u0110\u1ec3 tham gia \u0111\u01b0\u1ee3c l\u1edbp A2 KEY (KET), c\u00e1c b\u00e9 c\u1ea7n ph\u1ea3i thi \u0111\u1eadu\u00a0<a href=\"https:\/\/www.wealthsuccess.edu.vn\/flyers\">FLYERS<\/a>\u00a0tr\u01b0\u1edbc. A2 KEY (KET) v\u1ed1n l\u00e0 l\u1edbp luy\u1ec7n thi n\u00e2ng cao d\u00e0nh cho b\u00e9 chuy\u00ean Anh trong \u0111\u1ed9 tu\u1ed5i 10-12, cho n\u00ean c\u00e1c b\u00e9 ph\u1ea3i c\u00f3 tr\u00ecnh \u0111\u1ed9 kh\u00e1 gi\u1ecfi m\u1edbi c\u00f3 th\u1ec3 tham gia luy\u1ec7n thi.<\/p>\n<h2>T\u1ef7 l\u1ec7 thi \u0111\u1eadu A2 KEY (KET) t\u1ea1i WEALTH SUCCESS?<\/h2>\n<p>Cho \u0111\u1ebfn th\u1eddi \u0111i\u1ec3m hi\u1ec7n t\u1ea1i, t\u1ef7 l\u1ec7 \u0111\u1eadu A2 KEY (KET) c\u1ee7a c\u00e1c b\u00e9 t\u1ea1i TRUNG T\u00c2M ANH NG\u1eee WEALTH SUCCESS l\u00e0 100%. Trong \u0111\u00f3 c\u00f3 r\u1ea5t nhi\u1ec1u b\u00e9 v\u01b0\u1ee3t lu\u00f4n s\u1ed1 \u0111i\u1ec3m cao nh\u1ea5t, 140, c\u1ee7a KET v\u00e0 c\u00f3 \u0111i\u1ec3m s\u1ed1 t\u01b0\u01a1ng \u0111\u01b0\u01a1ng v\u1edbi \u0111\u1eadu lu\u00f4n c\u1ea5p cao h\u01a1n l\u00e0 B1 Preliminary (PET).<\/p>\n<h2>H\u1ecdc ng\u00e0y n\u00e0o v\u00e0 th\u1eddi gian n\u00e0o?<\/h2>\n<p>Ng\u00e0y h\u1ecdc s\u1ebd \u0111\u01b0\u1ee3c t\u01b0 v\u1ea5n c\u1ee5 th\u1ec3 sau khi ki\u1ec3m tra s\u1eafp l\u1edbp. Qu\u00fd ph\u1ee5 huynh v\u00e0 h\u1ecdc sinh c\u00f3 th\u1ec3 tham kh\u1ea3o m\u1ed9t s\u1ed1 ng\u00e0y v\u00e0 gi\u1edd h\u1ecdc d\u01b0\u1edbi \u0111\u00e2y:<\/p>\n<ul>\n<li>Th\u1ee9 2 &amp; 6 (T\u1ed1i): 17:30 \u2013 19:00 (ca 1); 19:00 \u2013 20:30 (ca 2)<\/li>\n<li>Th\u1ee9 3 &amp; 5 (T\u1ed1i): 17:30 \u2013 19:00 (ca 1); 19:00 \u2013 20:30 (ca 2)<\/li>\n<li>Th\u1ee9 7 &amp; CN (S\u00e1ng): 8:00 \u2013 9:30 (ca 1); 9:30 \u2013 11:00 (ca 2)<\/li>\n<li>Th\u1ee9 7 &amp; CN (Chi\u1ec1u &amp; T\u1ed1i): 14:00 \u2013 15:30 (ca 1); 15:30 \u2013 17:00 (ca 2); 17:00 \u2013 18:30 (ca 3)<\/li>\n<\/ul>\n<h2>H\u1ecdc \u1edf \u0111\u00e2u?<\/h2>\n<ul>\n<li>H\u1ecdc tr\u1ef1c ti\u1ebfp t\u1ea1i <a href=\"https:\/\/www.wealthsuccess.edu.vn\">TRUNG T\u00c2M ANH NG\u1eee WEALTH SUCCESS<\/a>.<\/li>\n<li>C\u01a1 s\u1edf 1: 150 B\u00f9i V\u0103n Ba, P. T\u00e2n Thu\u1eadn \u0110\u00f4ng, Q7, Tp. HCM<\/li>\n<li>C\u01a1 s\u1edf 2: 14 \u0110\u01b0\u1eddng s\u1ed1 8, Khu D\u00e2n C\u01b0 Greenlife 13C, Phong Ph\u00fa, B\u00ecnh Ch\u00e1nh<\/li>\n<li>\u0110T: 0826 96 36 96 \/ 035 96 97 921<\/li>\n<li>Email: support@wealthsuccess.edu.vn<\/li>\n<li><a href=\"https:\/\/blog.wealthsuccess.edu.vn\/lien-he\">Li\u00ean h\u1ec7<\/a> ngay ch\u00fang t\u00f4i.<\/li>\n<\/ul>\n<div id=\"attachment_233797\" style=\"width: 650px\" class=\"wp-caption aligncenter\"><a href=\"https:\/\/www.wealthsuccess.edu.vn\/ket\" target=\"_blank\" rel=\"noopener\"><img decoding=\"async\" aria-describedby=\"caption-attachment-233797\" class=\"wp-image-233797\" src=\"https:\/\/blog.wealthsuccess.edu.vn\/wp-content\/uploads\/2021\/04\/Luye\u0323\u0302n-Thi-A2-KEY-KET-Tie\u0302\u0301ng-Anh-cho-be\u0301-10-12-tuo\u0302\u0309i-To\u0302\u0301c-do\u0323\u0302-SIE\u0302U-NHANH-3x-5x-ANH-NGU\u031b\u0303-WS.jpg\" alt=\"Luye\u0323\u0302n Thi A2 KEY (KET) - Tie\u0302\u0301ng Anh cho be\u0301 10-12 tuo\u0302\u0309i - To\u0302\u0301c \u0111o\u0323\u0302 SIE\u0302U NHANH 3x-5x - ANH NGU\u031b\u0303 WS\" width=\"640\" height=\"640\" title=\"\" srcset=\"https:\/\/blog.wealthsuccess.edu.vn\/wp-content\/uploads\/2021\/04\/Luye\u0323\u0302n-Thi-A2-KEY-KET-Tie\u0302\u0301ng-Anh-cho-be\u0301-10-12-tuo\u0302\u0309i-To\u0302\u0301c-do\u0323\u0302-SIE\u0302U-NHANH-3x-5x-ANH-NGU\u031b\u0303-WS.jpg 800w, https:\/\/blog.wealthsuccess.edu.vn\/wp-content\/uploads\/2021\/04\/Luye\u0323\u0302n-Thi-A2-KEY-KET-Tie\u0302\u0301ng-Anh-cho-be\u0301-10-12-tuo\u0302\u0309i-To\u0302\u0301c-do\u0323\u0302-SIE\u0302U-NHANH-3x-5x-ANH-NGU\u031b\u0303-WS-300x300.jpg 300w, https:\/\/blog.wealthsuccess.edu.vn\/wp-content\/uploads\/2021\/04\/Luye\u0323\u0302n-Thi-A2-KEY-KET-Tie\u0302\u0301ng-Anh-cho-be\u0301-10-12-tuo\u0302\u0309i-To\u0302\u0301c-do\u0323\u0302-SIE\u0302U-NHANH-3x-5x-ANH-NGU\u031b\u0303-WS-1024x1024.jpg 1024w, https:\/\/blog.wealthsuccess.edu.vn\/wp-content\/uploads\/2021\/04\/Luye\u0323\u0302n-Thi-A2-KEY-KET-Tie\u0302\u0301ng-Anh-cho-be\u0301-10-12-tuo\u0302\u0309i-To\u0302\u0301c-do\u0323\u0302-SIE\u0302U-NHANH-3x-5x-ANH-NGU\u031b\u0303-WS-150x150.jpg 150w, https:\/\/blog.wealthsuccess.edu.vn\/wp-content\/uploads\/2021\/04\/Luye\u0323\u0302n-Thi-A2-KEY-KET-Tie\u0302\u0301ng-Anh-cho-be\u0301-10-12-tuo\u0302\u0309i-To\u0302\u0301c-do\u0323\u0302-SIE\u0302U-NHANH-3x-5x-ANH-NGU\u031b\u0303-WS-768x768.jpg 768w, https:\/\/blog.wealthsuccess.edu.vn\/wp-content\/uploads\/2021\/04\/Luye\u0323\u0302n-Thi-A2-KEY-KET-Tie\u0302\u0301ng-Anh-cho-be\u0301-10-12-tuo\u0302\u0309i-To\u0302\u0301c-do\u0323\u0302-SIE\u0302U-NHANH-3x-5x-ANH-NGU\u031b\u0303-WS-1536x1536.jpg 1536w, https:\/\/blog.wealthsuccess.edu.vn\/wp-content\/uploads\/2021\/04\/Luye\u0323\u0302n-Thi-A2-KEY-KET-Tie\u0302\u0301ng-Anh-cho-be\u0301-10-12-tuo\u0302\u0309i-To\u0302\u0301c-do\u0323\u0302-SIE\u0302U-NHANH-3x-5x-ANH-NGU\u031b\u0303-WS-2048x2048.jpg 2048w, https:\/\/blog.wealthsuccess.edu.vn\/wp-content\/uploads\/2021\/04\/Luye\u0323\u0302n-Thi-A2-KEY-KET-Tie\u0302\u0301ng-Anh-cho-be\u0301-10-12-tuo\u0302\u0309i-To\u0302\u0301c-do\u0323\u0302-SIE\u0302U-NHANH-3x-5x-ANH-NGU\u031b\u0303-WS-100x100.jpg 100w, https:\/\/blog.wealthsuccess.edu.vn\/wp-content\/uploads\/2021\/04\/Luye\u0323\u0302n-Thi-A2-KEY-KET-Tie\u0302\u0301ng-Anh-cho-be\u0301-10-12-tuo\u0302\u0309i-To\u0302\u0301c-do\u0323\u0302-SIE\u0302U-NHANH-3x-5x-ANH-NGU\u031b\u0303-WS-350x350.jpg 350w, https:\/\/blog.wealthsuccess.edu.vn\/wp-content\/uploads\/2021\/04\/Luye\u0323\u0302n-Thi-A2-KEY-KET-Tie\u0302\u0301ng-Anh-cho-be\u0301-10-12-tuo\u0302\u0309i-To\u0302\u0301c-do\u0323\u0302-SIE\u0302U-NHANH-3x-5x-ANH-NGU\u031b\u0303-WS-788x788.jpg 788w, https:\/\/blog.wealthsuccess.edu.vn\/wp-content\/uploads\/2021\/04\/Luye\u0323\u0302n-Thi-A2-KEY-KET-Tie\u0302\u0301ng-Anh-cho-be\u0301-10-12-tuo\u0302\u0309i-To\u0302\u0301c-do\u0323\u0302-SIE\u0302U-NHANH-3x-5x-ANH-NGU\u031b\u0303-WS-600x600.jpg 600w\" sizes=\"(max-width: 640px) 100vw, 640px\" \/><\/a><p id=\"caption-attachment-233797\" class=\"wp-caption-text\">Luye\u0323\u0302n Thi A2 KEY (KET) &#8211; Tie\u0302\u0301ng Anh cho be\u0301 10-12 tuo\u0302\u0309i &#8211; WEALTH SUCCESS<\/p><\/div>\n<h2>\u01afu \u0111\u00e3i v\u00e0 T\u1eb7ng k\u00e8m<\/h2>\n<p>Khi \u0111\u0103ng k\u00fd kh\u00f3a h\u1ecdc Luy\u1ec7n thi A2 KEY (KET), ph\u1ee5 huynh v\u00e0 c\u00e1c b\u00e9 s\u1ebd nh\u1eadn \u0111\u01b0\u1ee3c c\u00e1c \u01b0u \u0111\u00e3i v\u00e0 t\u1eb7ng k\u00e8m nh\u01b0 sau:<\/p>\n<ul>\n<li><strong>GI\u1ea2M NGAY 30% H\u1ecdc ph\u00ed khi \u0111\u00f3ng 1 n\u0103m (50 tu\u1ea7n)<\/strong><\/li>\n<li><strong>T\u1eb6NG 1 phi\u1ebfu gi\u1ea3m gi\u00e1 ho\u1eb7c ti\u1ec1n m\u1eb7t 500.000 VND khi gi\u1edbi thi\u1ec7u 1 h\u1ecdc sinh m\u1edbi<\/strong><\/li>\n<li><strong>T\u1eb6NG 1 phi\u1ebfu gi\u1ea3m gi\u00e1 150.000 VND cho h\u1ecdc sinh \u0111\u01b0\u1ee3c gi\u1edbi thi\u1ec7u<\/strong>. \u00c1p d\u1ee5ng cho kh\u00f3a th\u1ee9 2<\/li>\n<li>\u0110\u01b0\u1ee3c thi th\u1eed MI\u1ec4N PH\u00cd c\u00e1c k\u1ef3 thi A2 KEY (KET) (tr\u1ecb gi\u00e1 t\u1ed1i thi\u1ec3u 500.000 VND \/ k\u1ef3 thi)<\/li>\n<li>MI\u1ec4N PH\u00cd ki\u1ec3m tra \u0111\u1ea7u v\u00e0o v\u00e0 T\u01b0 v\u1ea5n l\u1ed9 tr\u00ecnh h\u1ecdc (tr\u1ecb gi\u00e1 200.000 VND)<\/li>\n<li>T\u1eb6NG MI\u1ec4N PH\u00cd audios (tr\u1ecb gi\u00e1 50.000 VND \u2013 100.000 VND \/ s\u00e1ch)<\/li>\n<li>H\u1ed7 tr\u1ee3 \u0111\u1eb7t s\u00e1ch.<\/li>\n<li>H\u1ed7 tr\u1ee3 MI\u1ec4N PH\u00cd \u00f4n thi m\u00f4n ti\u1ebfng Anh trong tr\u01b0\u1eddng<\/li>\n<li>Ngo\u00e0i h\u1ecdc ph\u00ed v\u00e0 ti\u1ec1n s\u00e1ch, ph\u1ee5 huynh \/ h\u1ecdc sinh KH\u00d4NG PH\u1ea2I CH\u1ecaU b\u1ea5t k\u1ef3 kho\u1ea3n ph\u00ed ph\u00e1t sinh n\u00e0o<\/li>\n<\/ul>\n","protected":false},"excerpt":{"rendered":"<p>Ch\u01b0\u01a1ng tr\u00ecnh luy\u1ec7n thi l\u1ea5y ch\u1ee9ng ch\u1ec9 A2 KEY (KET) c\u1ee7a WEALTH SUCCESS ph\u00f9 h\u1ee3p v\u1edbi b\u00e9 t\u1eeb 10 \u2013 12 tu\u1ed5i, \u0111\u00e3 thi \u0111\u1eadu FLYERS v\u1edbi s\u1ed1 \u0111i\u1ec3m t\u1eeb 10 \u2013 15 khi\u00ean.<\/p>\n","protected":false},"featured_media":233791,"comment_status":"open","ping_status":"closed","template":"","meta":[],"store":[466],"product_brand":[],"product_cat":[299,289],"product_tag":[208,291],"class_list":{"0":"post-233455","1":"product","2":"type-product","3":"status-publish","4":"has-post-thumbnail","6":"store-wealth-success","7":"product_cat-ket","8":"product_cat-tieng-anh-tre-em","9":"product_tag-ket","10":"product_tag-tieng-anh-tre-em","11":"pa_dang-ky-1-khoa-8-tuan","12":"pa_dang-ky-1-nam-50-tuan","14":"first","15":"instock","16":"sale","17":"taxable","18":"shipping-taxable","19":"purchasable","20":"product-type-variable"},"_links":{"self":[{"href":"https:\/\/blog.wealthsuccess.edu.vn\/en\/wp-json\/wp\/v2\/product\/233455","targetHints":{"allow":["GET"]}}],"collection":[{"href":"https:\/\/blog.wealthsuccess.edu.vn\/en\/wp-json\/wp\/v2\/product"}],"about":[{"href":"https:\/\/blog.wealthsuccess.edu.vn\/en\/wp-json\/wp\/v2\/types\/product"}],"replies":[{"embeddable":true,"href":"https:\/\/blog.wealthsuccess.edu.vn\/en\/wp-json\/wp\/v2\/comments?post=233455"}],"version-history":[{"count":0,"href":"https:\/\/blog.wealthsuccess.edu.vn\/en\/wp-json\/wp\/v2\/product\/233455\/revisions"}],"wp:featuredmedia":[{"embeddable":true,"href":"https:\/\/blog.wealthsuccess.edu.vn\/en\/wp-json\/wp\/v2\/media\/233791"}],"wp:attachment":[{"href":"https:\/\/blog.wealthsuccess.edu.vn\/en\/wp-json\/wp\/v2\/media?parent=233455"}],"wp:term":[{"taxonomy":"store","embeddable":true,"href":"https:\/\/blog.wealthsuccess.edu.vn\/en\/wp-json\/wp\/v2\/store?post=233455"},{"taxonomy":"product_brand","embeddable":true,"href":"https:\/\/blog.wealthsuccess.edu.vn\/en\/wp-json\/wp\/v2\/product_brand?post=233455"},{"taxonomy":"product_cat","embeddable":true,"href":"https:\/\/blog.wealthsuccess.edu.vn\/en\/wp-json\/wp\/v2\/product_cat?post=233455"},{"taxonomy":"product_tag","embeddable":true,"href":"https:\/\/blog.wealthsuccess.edu.vn\/en\/wp-json\/wp\/v2\/product_tag?post=233455"}],"curies":[{"name":"wp","href":"https:\/\/api.w.org\/{rel}","templated":true}]}}