{"id":233507,"date":"2022-04-06T12:35:34","date_gmt":"2022-04-06T05:35:34","guid":{"rendered":"https:\/\/www.blog.wealthsuccess.edu.vn\/toeic-500-600\/"},"modified":"2023-02-19T12:38:17","modified_gmt":"2023-02-19T05:38:17","slug":"toeic-500-600","status":"publish","type":"product","link":"https:\/\/blog.wealthsuccess.edu.vn\/en\/product\/toeic-500-600\/","title":{"rendered":"TOEIC 500-600"},"content":{"rendered":"<h2>Ch\u01b0\u01a1ng tr\u00ecnh TOEIC 500-600 l\u00e0 g\u00ec?<\/h2>\n<p>Ch\u01b0\u01a1ng tr\u00ecnh\u00a0<a href=\"https:\/\/www.wealthsuccess.edu.vn\/toeic-500-600\" target=\"_blank\" rel=\"noopener\">TOEIC 500-600<\/a>\u00a0c\u00f3 th\u1ec3 n\u00f3i l\u00e0 c\u1ea7u n\u1ed1i gi\u1eefa c\u00e1c ch\u01b0\u01a1ng tr\u00ecnh ti\u1ebfng Anh c\u00f3 c\u1ea5p \u0111\u1ed9 t\u1eeb A2 tr\u1edf l\u00ean v\u1edbi TOEIC. Th\u00f4ng qua ch\u01b0\u01a1ng tr\u00ecnh n\u00e0y, h\u1ecdc vi\u00ean \u0111\u01b0\u1ee3c h\u1ecdc t\u1ea5t c\u1ea3 c\u00e1c d\u1ea1ng \u0111\u1ec1 thi TOEIC v\u00e0 n\u00e2ng c\u1ea5p tr\u00ecnh \u0111\u1ed9 Ti\u1ebfng Anh li\u00ean quan \u0111\u1ebfn c\u00f4ng vi\u1ec7c.<\/p>\n<h2>C\u00e1c h\u1ecdc vi\u00ean s\u1ebd h\u1ecdc \u0111\u01b0\u1ee3c g\u00ec?<\/h2>\n<ul>\n<li>T\u1ea5t c\u1ea3 c\u00e1c k\u1ef9 n\u0103ng bao g\u1ed3m Nghe, N\u00f3i, \u0110\u1ecdc, Vi\u1ebft, Ph\u00e1t \u00c2m, Ng\u1eef Ph\u00e1p, v\u00e0 c\u00e1c d\u1ea1ng \u0111\u1ec1 thi TOEIC.<\/li>\n<li>Ph\u01b0\u01a1ng ph\u00e1p h\u1ecdc \u0111\u01a1n gi\u1ea3n v\u00e0 vui nh\u1ed9n c\u1ee7a WEALTH SUCCESS ch\u1eafc ch\u1eafn s\u1ebd gi\u00fap c\u00e1c h\u1ecdc vi\u00ean giao ti\u1ebfp ti\u1ebfng Anh \u0111\u1ea7y t\u1ef1 tin, d\u1ec5 d\u00e0ng v\u00e0 ch\u1ee7 \u0111\u1ed9ng.<\/li>\n<li>Ngo\u00e0i ra, WEALTH SUCCESS c\u00f2n t\u1ed5 ch\u1ee9c c\u00e1c k\u1ef3 thi TOEIC th\u1eed MI\u1ec4N PH\u00cd th\u01b0\u1eddng xuy\u00ean gi\u00fap h\u1ecdc vi\u00ean li\u00ean t\u1ee5c c\u1ecd x\u00e1t v\u00e0 t\u1ef1 tin h\u01a1n khi \u0111i thi th\u1eadt.<\/li>\n<\/ul>\n<div id=\"attachment_233867\" style=\"width: 650px\" class=\"wp-caption aligncenter\"><a href=\"https:\/\/www.wealthsuccess.edu.vn\/toeic-500-600\" target=\"_blank\" rel=\"noopener\"><img fetchpriority=\"high\" decoding=\"async\" aria-describedby=\"caption-attachment-233867\" class=\"wp-image-233867\" src=\"https:\/\/blog.wealthsuccess.edu.vn\/wp-content\/uploads\/2021\/04\/TOEIC-500-600-Tie\u0302\u0301ng-Anh-cho-sinh-vie\u0302n-ngu\u031bo\u031b\u0300i-di-la\u0300m-To\u0302\u0301c-do\u0323\u0302-THA\u0302\u0300N-TO\u0302\u0301C-5X-8X-ANH-NGU\u031b\u0303-WS.jpg\" alt=\"TOEIC 500-600 - Tie\u0302\u0301ng Anh cho sinh vie\u0302n, ngu\u031bo\u031b\u0300i \u0111i la\u0300m - WEALTH SUCCESS\" width=\"640\" height=\"427\" title=\"\" srcset=\"https:\/\/blog.wealthsuccess.edu.vn\/wp-content\/uploads\/2021\/04\/TOEIC-500-600-Tie\u0302\u0301ng-Anh-cho-sinh-vie\u0302n-ngu\u031bo\u031b\u0300i-di-la\u0300m-To\u0302\u0301c-do\u0323\u0302-THA\u0302\u0300N-TO\u0302\u0301C-5X-8X-ANH-NGU\u031b\u0303-WS.jpg 1200w, https:\/\/blog.wealthsuccess.edu.vn\/wp-content\/uploads\/2021\/04\/TOEIC-500-600-Tie\u0302\u0301ng-Anh-cho-sinh-vie\u0302n-ngu\u031bo\u031b\u0300i-di-la\u0300m-To\u0302\u0301c-do\u0323\u0302-THA\u0302\u0300N-TO\u0302\u0301C-5X-8X-ANH-NGU\u031b\u0303-WS-300x200.jpg 300w, https:\/\/blog.wealthsuccess.edu.vn\/wp-content\/uploads\/2021\/04\/TOEIC-500-600-Tie\u0302\u0301ng-Anh-cho-sinh-vie\u0302n-ngu\u031bo\u031b\u0300i-di-la\u0300m-To\u0302\u0301c-do\u0323\u0302-THA\u0302\u0300N-TO\u0302\u0301C-5X-8X-ANH-NGU\u031b\u0303-WS-1024x684.jpg 1024w, https:\/\/blog.wealthsuccess.edu.vn\/wp-content\/uploads\/2021\/04\/TOEIC-500-600-Tie\u0302\u0301ng-Anh-cho-sinh-vie\u0302n-ngu\u031bo\u031b\u0300i-di-la\u0300m-To\u0302\u0301c-do\u0323\u0302-THA\u0302\u0300N-TO\u0302\u0301C-5X-8X-ANH-NGU\u031b\u0303-WS-767x512.jpg 767w, https:\/\/blog.wealthsuccess.edu.vn\/wp-content\/uploads\/2021\/04\/TOEIC-500-600-Tie\u0302\u0301ng-Anh-cho-sinh-vie\u0302n-ngu\u031bo\u031b\u0300i-di-la\u0300m-To\u0302\u0301c-do\u0323\u0302-THA\u0302\u0300N-TO\u0302\u0301C-5X-8X-ANH-NGU\u031b\u0303-WS-1536x1025.jpg 1536w, https:\/\/blog.wealthsuccess.edu.vn\/wp-content\/uploads\/2021\/04\/TOEIC-500-600-Tie\u0302\u0301ng-Anh-cho-sinh-vie\u0302n-ngu\u031bo\u031b\u0300i-di-la\u0300m-To\u0302\u0301c-do\u0323\u0302-THA\u0302\u0300N-TO\u0302\u0301C-5X-8X-ANH-NGU\u031b\u0303-WS-2048x1367.jpg 2048w, https:\/\/blog.wealthsuccess.edu.vn\/wp-content\/uploads\/2021\/04\/TOEIC-500-600-Tie\u0302\u0301ng-Anh-cho-sinh-vie\u0302n-ngu\u031bo\u031b\u0300i-di-la\u0300m-To\u0302\u0301c-do\u0323\u0302-THA\u0302\u0300N-TO\u0302\u0301C-5X-8X-ANH-NGU\u031b\u0303-WS-225x150.jpg 225w, https:\/\/blog.wealthsuccess.edu.vn\/wp-content\/uploads\/2021\/04\/TOEIC-500-600-Tie\u0302\u0301ng-Anh-cho-sinh-vie\u0302n-ngu\u031bo\u031b\u0300i-di-la\u0300m-To\u0302\u0301c-do\u0323\u0302-THA\u0302\u0300N-TO\u0302\u0301C-5X-8X-ANH-NGU\u031b\u0303-WS-100x67.jpg 100w, https:\/\/blog.wealthsuccess.edu.vn\/wp-content\/uploads\/2021\/04\/TOEIC-500-600-Tie\u0302\u0301ng-Anh-cho-sinh-vie\u0302n-ngu\u031bo\u031b\u0300i-di-la\u0300m-To\u0302\u0301c-do\u0323\u0302-THA\u0302\u0300N-TO\u0302\u0301C-5X-8X-ANH-NGU\u031b\u0303-WS-524x350.jpg 524w, https:\/\/blog.wealthsuccess.edu.vn\/wp-content\/uploads\/2021\/04\/TOEIC-500-600-Tie\u0302\u0301ng-Anh-cho-sinh-vie\u0302n-ngu\u031bo\u031b\u0300i-di-la\u0300m-To\u0302\u0301c-do\u0323\u0302-THA\u0302\u0300N-TO\u0302\u0301C-5X-8X-ANH-NGU\u031b\u0303-WS-788x525.jpg 788w, https:\/\/blog.wealthsuccess.edu.vn\/wp-content\/uploads\/2021\/04\/TOEIC-500-600-Tie\u0302\u0301ng-Anh-cho-sinh-vie\u0302n-ngu\u031bo\u031b\u0300i-di-la\u0300m-To\u0302\u0301c-do\u0323\u0302-THA\u0302\u0300N-TO\u0302\u0301C-5X-8X-ANH-NGU\u031b\u0303-WS-599x400.jpg 599w\" sizes=\"(max-width: 640px) 100vw, 640px\" \/><\/a><p id=\"caption-attachment-233867\" class=\"wp-caption-text\">TOEIC 500-600 &#8211; Tie\u0302\u0301ng Anh cho sinh vie\u0302n, ngu\u031bo\u031b\u0300i \u0111i la\u0300m &#8211; WEALTH SUCCESS<\/p><\/div>\n<h2>\u0110i\u1ec1u ki\u1ec7n \u0111\u1ec3 tham gia l\u1edbp TOEIC 500-600?<\/h2>\n<p>\u0110\u1ec3 tham gia \u0111\u01b0\u1ee3c l\u1edbp TOEIC 500-600, h\u1ecdc vi\u00ean c\u1ea7n ph\u1ea3i thi \u0111\u1eadu c\u1ea5p \u0111\u1ed9 t\u01b0\u01a1ng \u0111\u01b0\u01a1ng ho\u1eb7c cao h\u01a1n\u00a0<a href=\"https:\/\/www.wealthsuccess.edu.vn\/ket\">A2 KEY (KET)<\/a>\u00a0tr\u01b0\u1edbc. Ngh\u0129a l\u00e0 c\u00e1c h\u1ecdc vi\u00ean ph\u1ea3i c\u00f3 tr\u00ecnh \u0111\u1ed9 kh\u00e1 gi\u1ecfi m\u1edbi c\u00f3 th\u1ec3 tham gia.<\/p>\n<h2>H\u1ecdc vi\u00ean s\u1ebd \u0111\u1ea1t tr\u00ecnh \u0111\u1ed9 n\u00e0o sau khi k\u1ebft th\u00fac kh\u00f3a h\u1ecdc?<\/h2>\n<p>Sau khi k\u1ebft th\u00fac kh\u00f3a h\u1ecdc, tr\u00ecnh \u0111\u1ed9 c\u1ee7a h\u1ecdc vi\u00ean s\u1ebd t\u01b0\u01a1ng \u0111\u01b0\u01a1ng v\u1edbi TOEIC 500-600 (ngh\u0129a l\u00e0 h\u1ecdc vi\u00ean c\u00f3 th\u1ec3 \u0111\u1ea1t \u0111\u01b0\u1ee3c 500-600 \u0111i\u1ec3m khi \u0111i thi TOEIC) v\u00e0 s\u1eb5n s\u00e0ng tham gia v\u00e0o l\u1edbp\u00a0<a href=\"https:\/\/www.wealthsuccess.edu.vn\/toeic-600-990\">TOEIC 600-990<\/a>.<\/p>\n<h2>H\u1ecdc ng\u00e0y n\u00e0o v\u00e0 th\u1eddi gian n\u00e0o?<\/h2>\n<p>Ng\u00e0y h\u1ecdc s\u1ebd \u0111\u01b0\u1ee3c t\u01b0 v\u1ea5n c\u1ee5 th\u1ec3 sau khi ki\u1ec3m tra s\u1eafp l\u1edbp. Qu\u00fd ph\u1ee5 huynh v\u00e0 h\u1ecdc sinh c\u00f3 th\u1ec3 tham kh\u1ea3o m\u1ed9t s\u1ed1 ng\u00e0y v\u00e0 gi\u1edd h\u1ecdc d\u01b0\u1edbi \u0111\u00e2y:<\/p>\n<ul>\n<li>Th\u1ee9 2 &amp; 6 (T\u1ed1i): 17:30 \u2013 19:00 (ca 1); 19:00 \u2013 20:30 (ca 2)<\/li>\n<li>Th\u1ee9 3 &amp; 5 (T\u1ed1i): 17:30 \u2013 19:00 (ca 1); 19:00 \u2013 20:30 (ca 2)<\/li>\n<li>Th\u1ee9 7 &amp; CN (S\u00e1ng): 8:00 \u2013 9:30 (ca 1); 9:30 \u2013 11:00 (ca 2)<\/li>\n<li>Th\u1ee9 7 &amp; CN (Chi\u1ec1u &amp; T\u1ed1i): 14:00 \u2013 15:30 (ca 1); 15:30 \u2013 17:00 (ca 2); 17:00 \u2013 18:30 (ca 3)<\/li>\n<\/ul>\n<h2>H\u1ecdc \u1edf \u0111\u00e2u?<\/h2>\n<ul>\n<li>H\u1ecdc tr\u1ef1c ti\u1ebfp t\u1ea1i <a href=\"https:\/\/www.wealthsuccess.edu.vn\">TRUNG T\u00c2M ANH NG\u1eee WEALTH SUCCESS<\/a>.<\/li>\n<li>C\u01a1 s\u1edf 1: 150 B\u00f9i V\u0103n Ba, P. T\u00e2n Thu\u1eadn \u0110\u00f4ng, Q7, Tp. HCM<\/li>\n<li>C\u01a1 s\u1edf 2: 14 \u0110\u01b0\u1eddng s\u1ed1 8, Khu D\u00e2n C\u01b0 Greenlife 13C, Phong Ph\u00fa, B\u00ecnh Ch\u00e1nh<\/li>\n<li>\u0110T: 0826 96 36 96 \/ 035 96 97 921<\/li>\n<li>Email: support@wealthsuccess.edu.vn<\/li>\n<li><a href=\"https:\/\/blog.wealthsuccess.edu.vn\/lien-he\">Li\u00ean h\u1ec7<\/a> ngay ch\u00fang t\u00f4i.<\/li>\n<\/ul>\n<div id=\"attachment_233866\" style=\"width: 650px\" class=\"wp-caption aligncenter\"><a href=\"https:\/\/www.wealthsuccess.edu.vn\/toeic-500-600\" target=\"_blank\" rel=\"noopener\"><img decoding=\"async\" aria-describedby=\"caption-attachment-233866\" class=\"wp-image-233866\" src=\"https:\/\/blog.wealthsuccess.edu.vn\/wp-content\/uploads\/2021\/04\/TOEIC-500-600-Tie\u0302\u0301ng-Anh-cho-sinh-vie\u0302n-ngu\u031bo\u031b\u0300i-di-la\u0300m-To\u0302\u0301c-do\u0323\u0302-SIE\u0302U-NHANH-3X-5X-ANH-NGU\u031b\u0303-WS.jpg\" alt=\"TOEIC 500-600 - Tie\u0302\u0301ng Anh cho sinh vie\u0302n, ngu\u031bo\u031b\u0300i \u0111i la\u0300m - WEALTH SUCCESS\" width=\"640\" height=\"427\" title=\"\" srcset=\"https:\/\/blog.wealthsuccess.edu.vn\/wp-content\/uploads\/2021\/04\/TOEIC-500-600-Tie\u0302\u0301ng-Anh-cho-sinh-vie\u0302n-ngu\u031bo\u031b\u0300i-di-la\u0300m-To\u0302\u0301c-do\u0323\u0302-SIE\u0302U-NHANH-3X-5X-ANH-NGU\u031b\u0303-WS.jpg 1200w, https:\/\/blog.wealthsuccess.edu.vn\/wp-content\/uploads\/2021\/04\/TOEIC-500-600-Tie\u0302\u0301ng-Anh-cho-sinh-vie\u0302n-ngu\u031bo\u031b\u0300i-di-la\u0300m-To\u0302\u0301c-do\u0323\u0302-SIE\u0302U-NHANH-3X-5X-ANH-NGU\u031b\u0303-WS-300x200.jpg 300w, https:\/\/blog.wealthsuccess.edu.vn\/wp-content\/uploads\/2021\/04\/TOEIC-500-600-Tie\u0302\u0301ng-Anh-cho-sinh-vie\u0302n-ngu\u031bo\u031b\u0300i-di-la\u0300m-To\u0302\u0301c-do\u0323\u0302-SIE\u0302U-NHANH-3X-5X-ANH-NGU\u031b\u0303-WS-1024x684.jpg 1024w, https:\/\/blog.wealthsuccess.edu.vn\/wp-content\/uploads\/2021\/04\/TOEIC-500-600-Tie\u0302\u0301ng-Anh-cho-sinh-vie\u0302n-ngu\u031bo\u031b\u0300i-di-la\u0300m-To\u0302\u0301c-do\u0323\u0302-SIE\u0302U-NHANH-3X-5X-ANH-NGU\u031b\u0303-WS-767x512.jpg 767w, https:\/\/blog.wealthsuccess.edu.vn\/wp-content\/uploads\/2021\/04\/TOEIC-500-600-Tie\u0302\u0301ng-Anh-cho-sinh-vie\u0302n-ngu\u031bo\u031b\u0300i-di-la\u0300m-To\u0302\u0301c-do\u0323\u0302-SIE\u0302U-NHANH-3X-5X-ANH-NGU\u031b\u0303-WS-1536x1025.jpg 1536w, https:\/\/blog.wealthsuccess.edu.vn\/wp-content\/uploads\/2021\/04\/TOEIC-500-600-Tie\u0302\u0301ng-Anh-cho-sinh-vie\u0302n-ngu\u031bo\u031b\u0300i-di-la\u0300m-To\u0302\u0301c-do\u0323\u0302-SIE\u0302U-NHANH-3X-5X-ANH-NGU\u031b\u0303-WS-2048x1367.jpg 2048w, https:\/\/blog.wealthsuccess.edu.vn\/wp-content\/uploads\/2021\/04\/TOEIC-500-600-Tie\u0302\u0301ng-Anh-cho-sinh-vie\u0302n-ngu\u031bo\u031b\u0300i-di-la\u0300m-To\u0302\u0301c-do\u0323\u0302-SIE\u0302U-NHANH-3X-5X-ANH-NGU\u031b\u0303-WS-225x150.jpg 225w, https:\/\/blog.wealthsuccess.edu.vn\/wp-content\/uploads\/2021\/04\/TOEIC-500-600-Tie\u0302\u0301ng-Anh-cho-sinh-vie\u0302n-ngu\u031bo\u031b\u0300i-di-la\u0300m-To\u0302\u0301c-do\u0323\u0302-SIE\u0302U-NHANH-3X-5X-ANH-NGU\u031b\u0303-WS-100x67.jpg 100w, https:\/\/blog.wealthsuccess.edu.vn\/wp-content\/uploads\/2021\/04\/TOEIC-500-600-Tie\u0302\u0301ng-Anh-cho-sinh-vie\u0302n-ngu\u031bo\u031b\u0300i-di-la\u0300m-To\u0302\u0301c-do\u0323\u0302-SIE\u0302U-NHANH-3X-5X-ANH-NGU\u031b\u0303-WS-524x350.jpg 524w, https:\/\/blog.wealthsuccess.edu.vn\/wp-content\/uploads\/2021\/04\/TOEIC-500-600-Tie\u0302\u0301ng-Anh-cho-sinh-vie\u0302n-ngu\u031bo\u031b\u0300i-di-la\u0300m-To\u0302\u0301c-do\u0323\u0302-SIE\u0302U-NHANH-3X-5X-ANH-NGU\u031b\u0303-WS-788x525.jpg 788w, https:\/\/blog.wealthsuccess.edu.vn\/wp-content\/uploads\/2021\/04\/TOEIC-500-600-Tie\u0302\u0301ng-Anh-cho-sinh-vie\u0302n-ngu\u031bo\u031b\u0300i-di-la\u0300m-To\u0302\u0301c-do\u0323\u0302-SIE\u0302U-NHANH-3X-5X-ANH-NGU\u031b\u0303-WS-599x400.jpg 599w\" sizes=\"(max-width: 640px) 100vw, 640px\" \/><\/a><p id=\"caption-attachment-233866\" class=\"wp-caption-text\">TOEIC 500-600 &#8211; Tie\u0302\u0301ng Anh cho sinh vie\u0302n, ngu\u031bo\u031b\u0300i \u0111i la\u0300m &#8211; WEALTH SUCCESS<\/p><\/div>\n<h2>\u01afu \u0111\u00e3i v\u00e0 T\u1eb7ng k\u00e8m<\/h2>\n<p>Khi \u0111\u0103ng k\u00fd kh\u00f3a h\u1ecdc TOEIC 500-600, h\u1ecdc vi\u00ean s\u1ebd nh\u1eadn \u0111\u01b0\u1ee3c c\u00e1c \u01b0u \u0111\u00e3i v\u00e0 t\u1eb7ng k\u00e8m nh\u01b0 sau<\/p>\n<ul>\n<li><strong>GI\u1ea2M NGAY 30% H\u1ecdc ph\u00ed khi \u0111\u00f3ng 1 n\u0103m (50 tu\u1ea7n)<\/strong><\/li>\n<li><strong>T\u1eb6NG 1 phi\u1ebfu gi\u1ea3m gi\u00e1 ho\u1eb7c ti\u1ec1n m\u1eb7t 500.000 VND khi gi\u1edbi thi\u1ec7u 1 h\u1ecdc sinh m\u1edbi<\/strong><\/li>\n<li><strong>T\u1eb6NG 1 phi\u1ebfu gi\u1ea3m gi\u00e1 150.000 VND cho h\u1ecdc sinh \u0111\u01b0\u1ee3c gi\u1edbi thi\u1ec7u<\/strong>. \u00c1p d\u1ee5ng cho kh\u00f3a th\u1ee9 2<\/li>\n<li>\u0110\u01b0\u1ee3c thi th\u1eed MI\u1ec4N PH\u00cd c\u00e1c k\u1ef3 thi TOEIC (tr\u1ecb gi\u00e1 kho\u1ea3ng 1.000.000 VND \/ k\u1ef3 thi)<\/li>\n<li>MI\u1ec4N PH\u00cd ki\u1ec3m tra \u0111\u1ea7u v\u00e0o v\u00e0 T\u01b0 v\u1ea5n l\u1ed9 tr\u00ecnh h\u1ecdc (tr\u1ecb gi\u00e1 200.000 VND)<\/li>\n<li>T\u1eb6NG MI\u1ec4N PH\u00cd audios (tr\u1ecb gi\u00e1 50.000 VND \u2013 100.000 VND \/ s\u00e1ch)<\/li>\n<li>H\u1ed7 tr\u1ee3 \u0111\u1eb7t s\u00e1ch.<\/li>\n<li>H\u1ed7 tr\u1ee3 MI\u1ec4N PH\u00cd \u00f4n thi m\u00f4n ti\u1ebfng Anh trong tr\u01b0\u1eddng<\/li>\n<li>Ngo\u00e0i h\u1ecdc ph\u00ed v\u00e0 ti\u1ec1n s\u00e1ch, ph\u1ee5 huynh \/ h\u1ecdc sinh KH\u00d4NG PH\u1ea2I CH\u1ecaU b\u1ea5t k\u1ef3 kho\u1ea3n ph\u00ed ph\u00e1t sinh n\u00e0o<\/li>\n<\/ul>\n","protected":false},"excerpt":{"rendered":"<p>Ch\u01b0\u01a1ng tr\u00ecnh TOEIC 500-600 ph\u00f9 h\u1ee3p cho sinh vi\u00ean, ng\u01b0\u1eddi \u0111i l\u00e0m \u0111\u00e3 thi \u0111\u1eadu ch\u1ee9ng ch\u1ec9 t\u01b0\u01a1ng \u0111\u01b0\u01a1ng v\u1edbi A2 KEY (KET) v\u1edbi s\u1ed1 \u0111i\u1ec3m t\u1eeb 120 \u2013 140.<\/p>\n","protected":false},"featured_media":233864,"comment_status":"open","ping_status":"closed","template":"","meta":[],"store":[466],"product_brand":[],"product_cat":[210,209],"product_tag":[307,211],"class_list":{"0":"post-233507","1":"product","2":"type-product","3":"status-publish","4":"has-post-thumbnail","6":"store-wealth-success","7":"product_cat-toeic-500-600","8":"product_cat-toeic","9":"product_tag-toeic","10":"product_tag-toeic-500-600","11":"pa_dang-ky-1-khoa-8-tuan","12":"pa_dang-ky-1-nam-50-tuan","14":"first","15":"instock","16":"sale","17":"taxable","18":"shipping-taxable","19":"purchasable","20":"product-type-variable"},"_links":{"self":[{"href":"https:\/\/blog.wealthsuccess.edu.vn\/en\/wp-json\/wp\/v2\/product\/233507","targetHints":{"allow":["GET"]}}],"collection":[{"href":"https:\/\/blog.wealthsuccess.edu.vn\/en\/wp-json\/wp\/v2\/product"}],"about":[{"href":"https:\/\/blog.wealthsuccess.edu.vn\/en\/wp-json\/wp\/v2\/types\/product"}],"replies":[{"embeddable":true,"href":"https:\/\/blog.wealthsuccess.edu.vn\/en\/wp-json\/wp\/v2\/comments?post=233507"}],"version-history":[{"count":0,"href":"https:\/\/blog.wealthsuccess.edu.vn\/en\/wp-json\/wp\/v2\/product\/233507\/revisions"}],"wp:featuredmedia":[{"embeddable":true,"href":"https:\/\/blog.wealthsuccess.edu.vn\/en\/wp-json\/wp\/v2\/media\/233864"}],"wp:attachment":[{"href":"https:\/\/blog.wealthsuccess.edu.vn\/en\/wp-json\/wp\/v2\/media?parent=233507"}],"wp:term":[{"taxonomy":"store","embeddable":true,"href":"https:\/\/blog.wealthsuccess.edu.vn\/en\/wp-json\/wp\/v2\/store?post=233507"},{"taxonomy":"product_brand","embeddable":true,"href":"https:\/\/blog.wealthsuccess.edu.vn\/en\/wp-json\/wp\/v2\/product_brand?post=233507"},{"taxonomy":"product_cat","embeddable":true,"href":"https:\/\/blog.wealthsuccess.edu.vn\/en\/wp-json\/wp\/v2\/product_cat?post=233507"},{"taxonomy":"product_tag","embeddable":true,"href":"https:\/\/blog.wealthsuccess.edu.vn\/en\/wp-json\/wp\/v2\/product_tag?post=233507"}],"curies":[{"name":"wp","href":"https:\/\/api.w.org\/{rel}","templated":true}]}}