{"id":233522,"date":"2022-04-06T12:42:45","date_gmt":"2022-04-06T05:42:45","guid":{"rendered":"https:\/\/www.blog.wealthsuccess.edu.vn\/tieng-anh-giao-tiep-cao-cap-advanced\/"},"modified":"2023-02-19T15:52:02","modified_gmt":"2023-02-19T08:52:02","slug":"giao-tiep-5","status":"publish","type":"product","link":"https:\/\/blog.wealthsuccess.edu.vn\/en\/product\/giao-tiep-5\/","title":{"rendered":"Ti\u1ebfng Anh Giao Ti\u1ebfp 5"},"content":{"rendered":"<h2>Ch\u01b0\u01a1ng tr\u00ecnh Ti\u1ebfng Anh Giao Ti\u1ebfp 5 d\u00e0nh cho ai?<\/h2>\n<p>Ch\u01b0\u01a1ng tr\u00ecnh Ti\u1ebfng Anh Giao Ti\u1ebfp 5 (c\u1ea5p \u0111\u1ed9 cao c\u1ea5p) d\u00e0nh cho c\u00e1c h\u1ecdc vi\u00ean c\u00f3 tr\u00ecnh \u0111\u1ed9 gi\u1ecfi ho\u1eb7c \u0111\u00e3 ho\u00e0n th\u00e0nh kh\u00f3a Ti\u1ebfng Anh Giao Ti\u1ebfp 4 (c\u1ea5p \u0111\u1ed9 trung cao c\u1ea5p).<\/p>\n<p>\u0110\u1eb7c bi\u1ec7t, ch\u01b0\u01a1ng tr\u00ecnh Giao Ti\u1ebfp 5 lu\u00f4n \u0111\u01b0\u1ee3c c\u1eadp nh\u1eadt theo phi\u00ean b\u1ea3n m\u1edbi nh\u1ea5t v\u00e0 d\u00e0nh cho nh\u1eefng h\u1ecdc vi\u00ean mu\u1ed1n t\u1eadp trung luy\u1ec7n Nghe v\u00e0 N\u00f3i.<\/p>\n<h2>C\u00e1c h\u1ecdc vi\u00ean s\u1ebd h\u1ecdc \u0111\u01b0\u1ee3c g\u00ec?<\/h2>\n<ul>\n<li>Ch\u1ee7 y\u1ebfu luy\u1ec7n Nghe v\u00e0 N\u00f3i. Ngo\u00e0i ra h\u1ecdc vi\u00ean c\u00f2n \u0111\u01b0\u1ee3c h\u1ed7 tr\u1ee3 n\u00e2ng c\u1ea5p c\u00e1ch Ph\u00e1t \u00c2m, T\u1eeb V\u1ef1ng v\u00e0 Ng\u1eef Ph\u00e1p.<\/li>\n<li>Ch\u01b0\u01a1ng tr\u00ecnh c\u1ef1c k\u1ef3 \u0111a d\u1ea1ng k\u1ebft h\u1ee3p gi\u1eefa h\u1ecdc Offline v\u00e0\u00a0<a href=\"https:\/\/www.advanedu.com\/courses\" target=\"_blank\" rel=\"noopener nofollow\">Online tr\u00ean Advanedu.com<\/a>\u00a0gi\u00fap h\u1ecdc vi\u00ean li\u00ean t\u1ee5c \u0111\u01b0\u1ee3c ti\u1ebfp c\u1eadn v\u1edbi ti\u1ebfng Anh m\u1ecdi l\u00fac, m\u1ecdi n\u01a1i.<\/li>\n<li>Ph\u01b0\u01a1ng ph\u00e1p h\u1ecdc \u0111\u01a1n gi\u1ea3n v\u00e0 vui nh\u1ed9n c\u1ee7a WEALTH SUCCESS ch\u1eafc ch\u1eafn s\u1ebd gi\u00fap c\u00e1c h\u1ecdc vi\u00ean giao ti\u1ebfp ti\u1ebfng Anh \u0111\u1ea7y t\u1ef1 tin, d\u1ec5 d\u00e0ng v\u00e0 ch\u1ee7 \u0111\u1ed9ng.<\/li>\n<\/ul>\n<div id=\"attachment_233916\" style=\"width: 650px\" class=\"wp-caption aligncenter\"><a href=\"https:\/\/www.wealthsuccess.edu.vn\/giao-tiep-5\" target=\"_blank\" rel=\"noopener\"><img fetchpriority=\"high\" decoding=\"async\" aria-describedby=\"caption-attachment-233916\" class=\"wp-image-233916\" src=\"https:\/\/blog.wealthsuccess.edu.vn\/wp-content\/uploads\/2021\/04\/Tie\u0302\u0301ng-Anh-Giao-Tie\u0302\u0301p-Cao-Ca\u0302\u0301p-Advanced-To\u0302\u0301c-do\u0323\u0302-THA\u0302\u0300N-TO\u0302\u0301C-5X-8X-ANH-NGU\u031b\u0303-WS.jpg\" alt=\"Tie\u0302\u0301ng Anh Giao Tie\u0302\u0301p 5 - WEALTH SUCCESS\" width=\"640\" height=\"460\" title=\"\" srcset=\"https:\/\/blog.wealthsuccess.edu.vn\/wp-content\/uploads\/2021\/04\/Tie\u0302\u0301ng-Anh-Giao-Tie\u0302\u0301p-Cao-Ca\u0302\u0301p-Advanced-To\u0302\u0301c-do\u0323\u0302-THA\u0302\u0300N-TO\u0302\u0301C-5X-8X-ANH-NGU\u031b\u0303-WS.jpg 1200w, https:\/\/blog.wealthsuccess.edu.vn\/wp-content\/uploads\/2021\/04\/Tie\u0302\u0301ng-Anh-Giao-Tie\u0302\u0301p-Cao-Ca\u0302\u0301p-Advanced-To\u0302\u0301c-do\u0323\u0302-THA\u0302\u0300N-TO\u0302\u0301C-5X-8X-ANH-NGU\u031b\u0303-WS-300x216.jpg 300w, https:\/\/blog.wealthsuccess.edu.vn\/wp-content\/uploads\/2021\/04\/Tie\u0302\u0301ng-Anh-Giao-Tie\u0302\u0301p-Cao-Ca\u0302\u0301p-Advanced-To\u0302\u0301c-do\u0323\u0302-THA\u0302\u0300N-TO\u0302\u0301C-5X-8X-ANH-NGU\u031b\u0303-WS-1024x736.jpg 1024w, https:\/\/blog.wealthsuccess.edu.vn\/wp-content\/uploads\/2021\/04\/Tie\u0302\u0301ng-Anh-Giao-Tie\u0302\u0301p-Cao-Ca\u0302\u0301p-Advanced-To\u0302\u0301c-do\u0323\u0302-THA\u0302\u0300N-TO\u0302\u0301C-5X-8X-ANH-NGU\u031b\u0303-WS-768x552.jpg 768w, https:\/\/blog.wealthsuccess.edu.vn\/wp-content\/uploads\/2021\/04\/Tie\u0302\u0301ng-Anh-Giao-Tie\u0302\u0301p-Cao-Ca\u0302\u0301p-Advanced-To\u0302\u0301c-do\u0323\u0302-THA\u0302\u0300N-TO\u0302\u0301C-5X-8X-ANH-NGU\u031b\u0303-WS-1536x1105.jpg 1536w, https:\/\/blog.wealthsuccess.edu.vn\/wp-content\/uploads\/2021\/04\/Tie\u0302\u0301ng-Anh-Giao-Tie\u0302\u0301p-Cao-Ca\u0302\u0301p-Advanced-To\u0302\u0301c-do\u0323\u0302-THA\u0302\u0300N-TO\u0302\u0301C-5X-8X-ANH-NGU\u031b\u0303-WS-2048x1473.jpg 2048w, https:\/\/blog.wealthsuccess.edu.vn\/wp-content\/uploads\/2021\/04\/Tie\u0302\u0301ng-Anh-Giao-Tie\u0302\u0301p-Cao-Ca\u0302\u0301p-Advanced-To\u0302\u0301c-do\u0323\u0302-THA\u0302\u0300N-TO\u0302\u0301C-5X-8X-ANH-NGU\u031b\u0303-WS-209x150.jpg 209w, https:\/\/blog.wealthsuccess.edu.vn\/wp-content\/uploads\/2021\/04\/Tie\u0302\u0301ng-Anh-Giao-Tie\u0302\u0301p-Cao-Ca\u0302\u0301p-Advanced-To\u0302\u0301c-do\u0323\u0302-THA\u0302\u0300N-TO\u0302\u0301C-5X-8X-ANH-NGU\u031b\u0303-WS-100x72.jpg 100w, https:\/\/blog.wealthsuccess.edu.vn\/wp-content\/uploads\/2021\/04\/Tie\u0302\u0301ng-Anh-Giao-Tie\u0302\u0301p-Cao-Ca\u0302\u0301p-Advanced-To\u0302\u0301c-do\u0323\u0302-THA\u0302\u0300N-TO\u0302\u0301C-5X-8X-ANH-NGU\u031b\u0303-WS-487x350.jpg 487w, https:\/\/blog.wealthsuccess.edu.vn\/wp-content\/uploads\/2021\/04\/Tie\u0302\u0301ng-Anh-Giao-Tie\u0302\u0301p-Cao-Ca\u0302\u0301p-Advanced-To\u0302\u0301c-do\u0323\u0302-THA\u0302\u0300N-TO\u0302\u0301C-5X-8X-ANH-NGU\u031b\u0303-WS-788x566.jpg 788w, https:\/\/blog.wealthsuccess.edu.vn\/wp-content\/uploads\/2021\/04\/Tie\u0302\u0301ng-Anh-Giao-Tie\u0302\u0301p-Cao-Ca\u0302\u0301p-Advanced-To\u0302\u0301c-do\u0323\u0302-THA\u0302\u0300N-TO\u0302\u0301C-5X-8X-ANH-NGU\u031b\u0303-WS-599x431.jpg 599w\" sizes=\"(max-width: 640px) 100vw, 640px\" \/><\/a><p id=\"caption-attachment-233916\" class=\"wp-caption-text\">Tie\u0302\u0301ng Anh Giao Tie\u0302\u0301p 5 &#8211; WEALTH SUCCESS<\/p><\/div>\n<h2>H\u1ecdc vi\u00ean s\u1ebd \u0111\u1ea1t tr\u00ecnh \u0111\u1ed9 n\u00e0o sau khi k\u1ebft th\u00fac kh\u00f3a h\u1ecdc?<\/h2>\n<p>Sau khi ho\u00e0n th\u00e0nh kh\u00f3a h\u1ecdc Ti\u1ebfng Anh Giao Ti\u1ebfp 5, h\u1ecdc vi\u00ean c\u00f3 th\u1ec3 ho\u00e0n to\u00e0n t\u1ef1 tin giao ti\u1ebfp m\u1ed9t c\u00e1ch r\u1ea5t chuy\u00ean nghi\u1ec7p c\u1ea3 trong c\u00f4ng vi\u1ec7c, h\u1ed9i h\u1ecdp, kinh doanh, l\u1eabn trong cu\u1ed9c s\u1ed1ng.<\/p>\n<p>Sau kh\u00f3a h\u1ecdc n\u00e0y, h\u1ecdc vi\u00ean c\u00f3 th\u1ec3 luy\u1ec7n thi l\u1ea5y ch\u1ee9ng ch\u1ec9\u00a0<a href=\"https:\/\/wealthsuccess.edu.vn\/toeic\">TOEIC<\/a>\u00a0ho\u1eb7c\u00a0<a href=\"https:\/\/wealthsuccess.edu.vn\/ielts\">IELTS<\/a>\u00a0n\u1ebfu c\u00f3 nhu c\u1ea7u \u0111i du h\u1ecdc, \u0111\u1ecbnh c\u01b0 t\u1ea1i c\u00e1c n\u01b0\u1edbc n\u00f3i ti\u1ebfng Anh, ho\u1eb7c t\u00ecm v\u00e0 l\u00e0m vi\u1ec7c t\u1ea1i c\u00e1c c\u00f4ng ty, t\u1eadp \u0111o\u00e0n \u0111a qu\u1ed1c gia.<\/p>\n<h2>H\u1ecdc ng\u00e0y n\u00e0o v\u00e0 th\u1eddi gian n\u00e0o?<\/h2>\n<p>Ng\u00e0y h\u1ecdc s\u1ebd \u0111\u01b0\u1ee3c t\u01b0 v\u1ea5n c\u1ee5 th\u1ec3 sau khi ki\u1ec3m tra s\u1eafp l\u1edbp. Qu\u00fd ph\u1ee5 huynh v\u00e0 h\u1ecdc sinh c\u00f3 th\u1ec3 tham kh\u1ea3o m\u1ed9t s\u1ed1 ng\u00e0y v\u00e0 gi\u1edd h\u1ecdc d\u01b0\u1edbi \u0111\u00e2y:<\/p>\n<ul>\n<li>Th\u1ee9 2 &amp; 6 (T\u1ed1i): 17:30 \u2013 19:00 (ca 1); 19:00 \u2013 20:30 (ca 2)<\/li>\n<li>Th\u1ee9 3 &amp; 5 (T\u1ed1i): 17:30 \u2013 19:00 (ca 1); 19:00 \u2013 20:30 (ca 2)<\/li>\n<li>Th\u1ee9 7 &amp; CN (S\u00e1ng): 8:00 \u2013 9:30 (ca 1); 9:30 \u2013 11:00 (ca 2)<\/li>\n<li>Th\u1ee9 7 &amp; CN (Chi\u1ec1u &amp; T\u1ed1i): 14:00 \u2013 15:30 (ca 1); 15:30 \u2013 17:00 (ca 2); 17:00 \u2013 18:30 (ca 3)<\/li>\n<\/ul>\n<h2>H\u1ecdc \u1edf \u0111\u00e2u?<\/h2>\n<ul>\n<li>H\u1ecdc tr\u1ef1c ti\u1ebfp t\u1ea1i <a href=\"https:\/\/www.wealthsuccess.edu.vn\">TRUNG T\u00c2M ANH NG\u1eee WEALTH SUCCESS<\/a>.<\/li>\n<li>C\u01a1 s\u1edf 1: 150 B\u00f9i V\u0103n Ba, P. T\u00e2n Thu\u1eadn \u0110\u00f4ng, Q7, Tp. HCM<\/li>\n<li>C\u01a1 s\u1edf 2: 14 \u0110\u01b0\u1eddng s\u1ed1 8, Khu D\u00e2n C\u01b0 Greenlife 13C, Phong Ph\u00fa, B\u00ecnh Ch\u00e1nh<\/li>\n<li>\u0110T: 0826 96 36 96 \/ 035 96 97 921<\/li>\n<li>Email: support@wealthsuccess.edu.vn<\/li>\n<li><a href=\"https:\/\/blog.wealthsuccess.edu.vn\/lien-he\">Li\u00ean h\u1ec7<\/a> ngay ch\u00fang t\u00f4i.<\/li>\n<\/ul>\n<div id=\"attachment_233915\" style=\"width: 650px\" class=\"wp-caption aligncenter\"><a href=\"https:\/\/www.wealthsuccess.edu.vn\/giao-tiep-5\" target=\"_blank\" rel=\"noopener\"><img decoding=\"async\" aria-describedby=\"caption-attachment-233915\" class=\"wp-image-233915\" src=\"https:\/\/blog.wealthsuccess.edu.vn\/wp-content\/uploads\/2021\/04\/Tie\u0302\u0301ng-Anh-Giao-Tie\u0302\u0301p-Cao-Ca\u0302\u0301p-Advanced-To\u0302\u0301c-do\u0323\u0302-SIE\u0302U-NHANH-3X-5X-ANH-NGU\u031b\u0303-WS.jpg\" alt=\"Tie\u0302\u0301ng Anh Giao Tie\u0302\u0301p 5 - WEALTH SUCCESS\" width=\"640\" height=\"452\" title=\"\" srcset=\"https:\/\/blog.wealthsuccess.edu.vn\/wp-content\/uploads\/2021\/04\/Tie\u0302\u0301ng-Anh-Giao-Tie\u0302\u0301p-Cao-Ca\u0302\u0301p-Advanced-To\u0302\u0301c-do\u0323\u0302-SIE\u0302U-NHANH-3X-5X-ANH-NGU\u031b\u0303-WS.jpg 1200w, https:\/\/blog.wealthsuccess.edu.vn\/wp-content\/uploads\/2021\/04\/Tie\u0302\u0301ng-Anh-Giao-Tie\u0302\u0301p-Cao-Ca\u0302\u0301p-Advanced-To\u0302\u0301c-do\u0323\u0302-SIE\u0302U-NHANH-3X-5X-ANH-NGU\u031b\u0303-WS-300x212.jpg 300w, https:\/\/blog.wealthsuccess.edu.vn\/wp-content\/uploads\/2021\/04\/Tie\u0302\u0301ng-Anh-Giao-Tie\u0302\u0301p-Cao-Ca\u0302\u0301p-Advanced-To\u0302\u0301c-do\u0323\u0302-SIE\u0302U-NHANH-3X-5X-ANH-NGU\u031b\u0303-WS-1024x723.jpg 1024w, https:\/\/blog.wealthsuccess.edu.vn\/wp-content\/uploads\/2021\/04\/Tie\u0302\u0301ng-Anh-Giao-Tie\u0302\u0301p-Cao-Ca\u0302\u0301p-Advanced-To\u0302\u0301c-do\u0323\u0302-SIE\u0302U-NHANH-3X-5X-ANH-NGU\u031b\u0303-WS-768x542.jpg 768w, https:\/\/blog.wealthsuccess.edu.vn\/wp-content\/uploads\/2021\/04\/Tie\u0302\u0301ng-Anh-Giao-Tie\u0302\u0301p-Cao-Ca\u0302\u0301p-Advanced-To\u0302\u0301c-do\u0323\u0302-SIE\u0302U-NHANH-3X-5X-ANH-NGU\u031b\u0303-WS-1536x1084.jpg 1536w, https:\/\/blog.wealthsuccess.edu.vn\/wp-content\/uploads\/2021\/04\/Tie\u0302\u0301ng-Anh-Giao-Tie\u0302\u0301p-Cao-Ca\u0302\u0301p-Advanced-To\u0302\u0301c-do\u0323\u0302-SIE\u0302U-NHANH-3X-5X-ANH-NGU\u031b\u0303-WS-2048x1446.jpg 2048w, https:\/\/blog.wealthsuccess.edu.vn\/wp-content\/uploads\/2021\/04\/Tie\u0302\u0301ng-Anh-Giao-Tie\u0302\u0301p-Cao-Ca\u0302\u0301p-Advanced-To\u0302\u0301c-do\u0323\u0302-SIE\u0302U-NHANH-3X-5X-ANH-NGU\u031b\u0303-WS-213x150.jpg 213w, https:\/\/blog.wealthsuccess.edu.vn\/wp-content\/uploads\/2021\/04\/Tie\u0302\u0301ng-Anh-Giao-Tie\u0302\u0301p-Cao-Ca\u0302\u0301p-Advanced-To\u0302\u0301c-do\u0323\u0302-SIE\u0302U-NHANH-3X-5X-ANH-NGU\u031b\u0303-WS-100x71.jpg 100w, https:\/\/blog.wealthsuccess.edu.vn\/wp-content\/uploads\/2021\/04\/Tie\u0302\u0301ng-Anh-Giao-Tie\u0302\u0301p-Cao-Ca\u0302\u0301p-Advanced-To\u0302\u0301c-do\u0323\u0302-SIE\u0302U-NHANH-3X-5X-ANH-NGU\u031b\u0303-WS-496x350.jpg 496w, https:\/\/blog.wealthsuccess.edu.vn\/wp-content\/uploads\/2021\/04\/Tie\u0302\u0301ng-Anh-Giao-Tie\u0302\u0301p-Cao-Ca\u0302\u0301p-Advanced-To\u0302\u0301c-do\u0323\u0302-SIE\u0302U-NHANH-3X-5X-ANH-NGU\u031b\u0303-WS-788x556.jpg 788w, https:\/\/blog.wealthsuccess.edu.vn\/wp-content\/uploads\/2021\/04\/Tie\u0302\u0301ng-Anh-Giao-Tie\u0302\u0301p-Cao-Ca\u0302\u0301p-Advanced-To\u0302\u0301c-do\u0323\u0302-SIE\u0302U-NHANH-3X-5X-ANH-NGU\u031b\u0303-WS-599x423.jpg 599w\" sizes=\"(max-width: 640px) 100vw, 640px\" \/><\/a><p id=\"caption-attachment-233915\" class=\"wp-caption-text\">Tie\u0302\u0301ng Anh Giao Tie\u0302\u0301p 5 &#8211; WEALTH SUCCESS<\/p><\/div>\n<h2>\u01afu \u0111\u00e3i v\u00e0 T\u1eb7ng k\u00e8m<\/h2>\n<p>Khi \u0111\u0103ng k\u00fd kh\u00f3a h\u1ecdc Ti\u1ebfng Anh Giao Ti\u1ebfp 5, h\u1ecdc vi\u00ean s\u1ebd nh\u1eadn \u0111\u01b0\u1ee3c c\u00e1c \u01b0u \u0111\u00e3i v\u00e0 t\u1eb7ng k\u00e8m nh\u01b0 sau<\/p>\n<ul>\n<li><strong>GI\u1ea2M NGAY 30% H\u1ecdc ph\u00ed khi \u0111\u00f3ng 1 n\u0103m (50 tu\u1ea7n)<\/strong><\/li>\n<li><strong>T\u1eb6NG 1 phi\u1ebfu gi\u1ea3m gi\u00e1 ho\u1eb7c ti\u1ec1n m\u1eb7t 500.000 VND khi gi\u1edbi thi\u1ec7u 1 h\u1ecdc sinh m\u1edbi<\/strong><\/li>\n<li><strong>T\u1eb6NG 1 phi\u1ebfu gi\u1ea3m gi\u00e1 150.000 VND cho h\u1ecdc sinh \u0111\u01b0\u1ee3c gi\u1edbi thi\u1ec7u<\/strong>. \u00c1p d\u1ee5ng cho kh\u00f3a th\u1ee9 2<\/li>\n<li>\u0110\u01b0\u1ee3c thi th\u1eed MI\u1ec4N PH\u00cd c\u00e1c k\u1ef3 thi Ti\u1ebfng Anh Giao Ti\u1ebfp (tr\u1ecb gi\u00e1 kho\u1ea3ng 1.000.000 VND \/ k\u1ef3 thi)<\/li>\n<li>MI\u1ec4N PH\u00cd ki\u1ec3m tra \u0111\u1ea7u v\u00e0o v\u00e0 T\u01b0 v\u1ea5n l\u1ed9 tr\u00ecnh h\u1ecdc (tr\u1ecb gi\u00e1 200.000 VND)<\/li>\n<li>T\u1eb6NG MI\u1ec4N PH\u00cd audios (tr\u1ecb gi\u00e1 50.000 VND \u2013 100.000 VND \/ s\u00e1ch)<\/li>\n<li>H\u1ed7 tr\u1ee3 \u0111\u1eb7t s\u00e1ch.<\/li>\n<li>H\u1ed7 tr\u1ee3 MI\u1ec4N PH\u00cd \u00f4n thi m\u00f4n ti\u1ebfng Anh trong tr\u01b0\u1eddng<\/li>\n<li>Ngo\u00e0i h\u1ecdc ph\u00ed v\u00e0 ti\u1ec1n s\u00e1ch, ph\u1ee5 huynh \/ h\u1ecdc sinh KH\u00d4NG PH\u1ea2I CH\u1ecaU b\u1ea5t k\u1ef3 kho\u1ea3n ph\u00ed ph\u00e1t sinh n\u00e0o<\/li>\n<\/ul>\n","protected":false},"excerpt":{"rendered":"<p>Ch\u01b0\u01a1ng tr\u00ecnh Ti\u1ebfng Anh Giao Ti\u1ebfp 5 (c\u1ea5p \u0111\u1ed9 Cao C\u1ea5p) d\u00e0nh cho c\u00e1c h\u1ecdc vi\u00ean c\u00f3 tr\u00ecnh \u0111\u1ed9 t\u01b0\u01a1ng \u0111\u01b0\u01a1ng ho\u1eb7c \u0111\u00e3 ho\u00e0n th\u00e0nh kh\u00f3a h\u1ecdc Ti\u1ebfng Anh Giao Ti\u1ebfp 4 (c\u1ea5p \u0111\u1ed9 Trung Cao C\u1ea5p).<\/p>\n","protected":false},"featured_media":233913,"comment_status":"open","ping_status":"closed","template":"","meta":[],"store":[466],"product_brand":[],"product_cat":[331,226],"product_tag":[472,228],"class_list":{"0":"post-233522","1":"product","2":"type-product","3":"status-publish","4":"has-post-thumbnail","6":"store-wealth-success","7":"product_cat-giao-tiep-5","8":"product_cat-tieng-anh-giao-tiep","9":"product_tag-giao-tiep-5","10":"product_tag-tieng-anh-giao-tiep","11":"pa_dang-ky-1-khoa-8-tuan","12":"pa_dang-ky-1-nam-50-tuan","14":"first","15":"instock","16":"sale","17":"taxable","18":"shipping-taxable","19":"purchasable","20":"product-type-variable"},"_links":{"self":[{"href":"https:\/\/blog.wealthsuccess.edu.vn\/en\/wp-json\/wp\/v2\/product\/233522","targetHints":{"allow":["GET"]}}],"collection":[{"href":"https:\/\/blog.wealthsuccess.edu.vn\/en\/wp-json\/wp\/v2\/product"}],"about":[{"href":"https:\/\/blog.wealthsuccess.edu.vn\/en\/wp-json\/wp\/v2\/types\/product"}],"replies":[{"embeddable":true,"href":"https:\/\/blog.wealthsuccess.edu.vn\/en\/wp-json\/wp\/v2\/comments?post=233522"}],"version-history":[{"count":0,"href":"https:\/\/blog.wealthsuccess.edu.vn\/en\/wp-json\/wp\/v2\/product\/233522\/revisions"}],"wp:featuredmedia":[{"embeddable":true,"href":"https:\/\/blog.wealthsuccess.edu.vn\/en\/wp-json\/wp\/v2\/media\/233913"}],"wp:attachment":[{"href":"https:\/\/blog.wealthsuccess.edu.vn\/en\/wp-json\/wp\/v2\/media?parent=233522"}],"wp:term":[{"taxonomy":"store","embeddable":true,"href":"https:\/\/blog.wealthsuccess.edu.vn\/en\/wp-json\/wp\/v2\/store?post=233522"},{"taxonomy":"product_brand","embeddable":true,"href":"https:\/\/blog.wealthsuccess.edu.vn\/en\/wp-json\/wp\/v2\/product_brand?post=233522"},{"taxonomy":"product_cat","embeddable":true,"href":"https:\/\/blog.wealthsuccess.edu.vn\/en\/wp-json\/wp\/v2\/product_cat?post=233522"},{"taxonomy":"product_tag","embeddable":true,"href":"https:\/\/blog.wealthsuccess.edu.vn\/en\/wp-json\/wp\/v2\/product_tag?post=233522"}],"curies":[{"name":"wp","href":"https:\/\/api.w.org\/{rel}","templated":true}]}}