{"id":236418,"date":"2022-04-06T12:00:20","date_gmt":"2022-04-06T05:00:20","guid":{"rendered":"https:\/\/www.blog.wealthsuccess.edu.vn\/?post_type=product&#038;p=236418"},"modified":"2023-02-19T15:35:40","modified_gmt":"2023-02-19T08:35:40","slug":"fun-starters","status":"publish","type":"product","link":"https:\/\/blog.wealthsuccess.edu.vn\/en\/product\/fun-starters\/","title":{"rendered":"FUN Starters (4-5 tu\u1ed5i)"},"content":{"rendered":"<h2>Ch\u01b0\u01a1ng tr\u00ecnh FUN Starters d\u00e0nh cho b\u00e9 m\u1ea5y tu\u1ed5i?<\/h2>\n<div class=\"et_pb_module et_pb_blurb et_pb_blurb_0 et_pb_text_align_left et_pb_blurb_position_left et_pb_bg_layout_light et_had_animation\">\n<div class=\"et_pb_blurb_content\">\n<div class=\"et_pb_blurb_container\">\n<div class=\"et_pb_blurb_description\">\n<p>Ch\u01b0\u01a1ng tr\u00ecnh Ti\u1ebfng Anh FUN Starters d\u00e0nh cho b\u00e9 4-5 tu\u1ed5i.<\/p>\n<\/div>\n<\/div>\n<\/div>\n<\/div>\n<h2 class=\"et_pb_module_header\">T\u1ea1i sao ph\u1ea3i ki\u1ec3m tra \u0111\u1ea7u v\u00e0o?<\/h2>\n<ul>\n<li>D\u01b0\u1edbi g\u00f3c \u0111\u1ed9 chuy\u00ean m\u00f4n, th\u00ec khi ki\u1ec3m tra, TRUNG T\u00c2M ANH NG\u1eee WEALTH SUCCESS s\u1ebd v\u1eabn x\u00e1c nh\u1eadn \u0111\u01b0\u1ee3c s\u1ef1 kh\u00e1c bi\u1ec7t trong tr\u00ecnh \u0111\u1ed9 c\u1ee7a c\u00e1c b\u00e9. C\u00f3 b\u00e9 bi\u1ebft nhi\u1ec1u, c\u00f3 b\u00e9 bi\u1ebft \u00edt. C\u00f3 b\u00e9 ph\u1ea3n x\u1ea1 nhanh, c\u00f3 b\u00e9 ch\u1eadm.<\/li>\n<li>Cho n\u00ean vi\u1ec7c ki\u1ec3m tra v\u00e0 s\u1eafp l\u1edbp h\u1ee3p l\u00fd s\u1ebd gi\u00fap b\u00e9 h\u1ecdc \u0111\u00fang v\u1edbi tr\u00ecnh \u0111\u1ed9 v\u00e0 kh\u1ea3 n\u0103ng c\u1ee7a m\u00ecnh nh\u1ea5t, gi\u00fap b\u00e9 ti\u1ebfn b\u1ed9 v\u01b0\u1ee3t b\u1eadc v\u00e0 ba m\u1eb9 s\u1ebd h\u00e0i l\u00f2ng h\u01a1n.<\/li>\n<\/ul>\n<h2>C\u00e1c b\u00e9 s\u1ebd h\u1ecdc \u0111\u01b0\u1ee3c g\u00ec?<\/h2>\n<ul>\n<li>Nh\u1eadn bi\u1ebft v\u00e0 t\u1eadp \u0111\u1ed3 c\u00e1c ch\u1eef c\u00e1i<\/li>\n<li>\u0110\u1ecdc v\u00e0 vi\u1ebft c\u00e1c c\u00e2u \u0111\u01a1n gi\u1ea3n.<\/li>\n<li>D\u1ec5 d\u00e0ng ghi nh\u1edb ti\u1ebfng Anh th\u00f4ng qua c\u00e1c b\u00e0i h\u00e1t, b\u00e0i v\u00e8, nh\u1eadp vai v\u00e0o c\u00e1c c\u00e2u chuy\u1ec7n v\u00e0 c\u1eaft gi\u00e1n sticker.<\/li>\n<li>N\u00e2ng cao t\u1ea5t c\u1ea3 c\u00e1c k\u1ef9 n\u0103ng Nghe, N\u00f3i, \u0110\u1ecdc, Vi\u1ebft, Ph\u00e1t \u00c2m v\u00e0 Ng\u1eef Ph\u00e1p.<\/li>\n<li>Ph\u01b0\u01a1ng ph\u00e1p h\u1ecdc \u0111\u01a1n gi\u1ea3n v\u00e0 vui nh\u1ed9n c\u1ee7a WEALTH SUCCESS ch\u1eafc ch\u1eafn s\u1ebd gi\u00fap c\u00e1c b\u00e9 giao ti\u1ebfp ti\u1ebfng Anh \u0111\u1ea7y t\u1ef1 tin, d\u1ec5 d\u00e0ng v\u00e0 ch\u1ee7 \u0111\u1ed9ng.<\/li>\n<\/ul>\n<div id=\"attachment_233757\" style=\"width: 650px\" class=\"wp-caption aligncenter\"><a href=\"https:\/\/www.wealthsuccess.edu.vn\/fun-starters\" target=\"_blank\" rel=\"noopener\"><img fetchpriority=\"high\" decoding=\"async\" aria-describedby=\"caption-attachment-233757\" class=\"wp-image-233757 size-full\" src=\"https:\/\/blog.wealthsuccess.edu.vn\/wp-content\/uploads\/2021\/04\/Family-and-Friends-Tie\u0302\u0301ng-Anh-cho-be\u0301-5-7-tuo\u0302\u0309i-To\u0302\u0301c-do\u0323\u0302-THA\u0302\u0300N-TO\u0302\u0301C-5x-8x-ANH-NGU\u031b\u0303-WS.jpg\" alt=\"FUN Starters - Tie\u0302\u0301ng Anh cho be\u0301 4-5 tuo\u0302\u0309i - WEALTH SUCCESS\" width=\"640\" height=\"640\" title=\"\" srcset=\"https:\/\/blog.wealthsuccess.edu.vn\/wp-content\/uploads\/2021\/04\/Family-and-Friends-Tie\u0302\u0301ng-Anh-cho-be\u0301-5-7-tuo\u0302\u0309i-To\u0302\u0301c-do\u0323\u0302-THA\u0302\u0300N-TO\u0302\u0301C-5x-8x-ANH-NGU\u031b\u0303-WS.jpg 640w, https:\/\/blog.wealthsuccess.edu.vn\/wp-content\/uploads\/2021\/04\/Family-and-Friends-Tie\u0302\u0301ng-Anh-cho-be\u0301-5-7-tuo\u0302\u0309i-To\u0302\u0301c-do\u0323\u0302-THA\u0302\u0300N-TO\u0302\u0301C-5x-8x-ANH-NGU\u031b\u0303-WS-300x300.jpg 300w, https:\/\/blog.wealthsuccess.edu.vn\/wp-content\/uploads\/2021\/04\/Family-and-Friends-Tie\u0302\u0301ng-Anh-cho-be\u0301-5-7-tuo\u0302\u0309i-To\u0302\u0301c-do\u0323\u0302-THA\u0302\u0300N-TO\u0302\u0301C-5x-8x-ANH-NGU\u031b\u0303-WS-1024x1024.jpg 1024w, https:\/\/blog.wealthsuccess.edu.vn\/wp-content\/uploads\/2021\/04\/Family-and-Friends-Tie\u0302\u0301ng-Anh-cho-be\u0301-5-7-tuo\u0302\u0309i-To\u0302\u0301c-do\u0323\u0302-THA\u0302\u0300N-TO\u0302\u0301C-5x-8x-ANH-NGU\u031b\u0303-WS-150x150.jpg 150w, https:\/\/blog.wealthsuccess.edu.vn\/wp-content\/uploads\/2021\/04\/Family-and-Friends-Tie\u0302\u0301ng-Anh-cho-be\u0301-5-7-tuo\u0302\u0309i-To\u0302\u0301c-do\u0323\u0302-THA\u0302\u0300N-TO\u0302\u0301C-5x-8x-ANH-NGU\u031b\u0303-WS-768x768.jpg 768w, https:\/\/blog.wealthsuccess.edu.vn\/wp-content\/uploads\/2021\/04\/Family-and-Friends-Tie\u0302\u0301ng-Anh-cho-be\u0301-5-7-tuo\u0302\u0309i-To\u0302\u0301c-do\u0323\u0302-THA\u0302\u0300N-TO\u0302\u0301C-5x-8x-ANH-NGU\u031b\u0303-WS-1536x1536.jpg 1536w, https:\/\/blog.wealthsuccess.edu.vn\/wp-content\/uploads\/2021\/04\/Family-and-Friends-Tie\u0302\u0301ng-Anh-cho-be\u0301-5-7-tuo\u0302\u0309i-To\u0302\u0301c-do\u0323\u0302-THA\u0302\u0300N-TO\u0302\u0301C-5x-8x-ANH-NGU\u031b\u0303-WS-2048x2048.jpg 2048w, https:\/\/blog.wealthsuccess.edu.vn\/wp-content\/uploads\/2021\/04\/Family-and-Friends-Tie\u0302\u0301ng-Anh-cho-be\u0301-5-7-tuo\u0302\u0309i-To\u0302\u0301c-do\u0323\u0302-THA\u0302\u0300N-TO\u0302\u0301C-5x-8x-ANH-NGU\u031b\u0303-WS-100x100.jpg 100w, https:\/\/blog.wealthsuccess.edu.vn\/wp-content\/uploads\/2021\/04\/Family-and-Friends-Tie\u0302\u0301ng-Anh-cho-be\u0301-5-7-tuo\u0302\u0309i-To\u0302\u0301c-do\u0323\u0302-THA\u0302\u0300N-TO\u0302\u0301C-5x-8x-ANH-NGU\u031b\u0303-WS-350x350.jpg 350w, https:\/\/blog.wealthsuccess.edu.vn\/wp-content\/uploads\/2021\/04\/Family-and-Friends-Tie\u0302\u0301ng-Anh-cho-be\u0301-5-7-tuo\u0302\u0309i-To\u0302\u0301c-do\u0323\u0302-THA\u0302\u0300N-TO\u0302\u0301C-5x-8x-ANH-NGU\u031b\u0303-WS-788x788.jpg 788w, https:\/\/blog.wealthsuccess.edu.vn\/wp-content\/uploads\/2021\/04\/Family-and-Friends-Tie\u0302\u0301ng-Anh-cho-be\u0301-5-7-tuo\u0302\u0309i-To\u0302\u0301c-do\u0323\u0302-THA\u0302\u0300N-TO\u0302\u0301C-5x-8x-ANH-NGU\u031b\u0303-WS-600x600.jpg 600w\" sizes=\"(max-width: 640px) 100vw, 640px\" \/><\/a><p id=\"caption-attachment-233757\" class=\"wp-caption-text\">FUN Starters &#8211; Tie\u0302\u0301ng Anh cho be\u0301 4-5 tuo\u0302\u0309i &#8211; WEALTH SUCCESS<\/p><\/div>\n<h2>H\u1ecdc ng\u00e0y n\u00e0o v\u00e0 th\u1eddi gian n\u00e0o?<\/h2>\n<p>Ng\u00e0y h\u1ecdc s\u1ebd \u0111\u01b0\u1ee3c t\u01b0 v\u1ea5n c\u1ee5 th\u1ec3 sau khi ki\u1ec3m tra s\u1eafp l\u1edbp. Qu\u00fd ph\u1ee5 huynh v\u00e0 h\u1ecdc sinh c\u00f3 th\u1ec3 tham kh\u1ea3o m\u1ed9t s\u1ed1 ng\u00e0y v\u00e0 gi\u1edd h\u1ecdc d\u01b0\u1edbi \u0111\u00e2y:<\/p>\n<ul>\n<li>Th\u1ee9 2 &amp; 6 (T\u1ed1i): 17:30 \u2013 19:00 (ca 1); 19:00 \u2013 20:30 (ca 2)<\/li>\n<li>Th\u1ee9 3 &amp; 5 (T\u1ed1i): 17:30 \u2013 19:00 (ca 1); 19:00 \u2013 20:30 (ca 2)<\/li>\n<li>Th\u1ee9 7 &amp; CN (S\u00e1ng): 8:00 \u2013 9:30 (ca 1); 9:30 \u2013 11:00 (ca 2)<\/li>\n<li>Th\u1ee9 7 &amp; CN (Chi\u1ec1u &amp; T\u1ed1i): 14:00 \u2013 15:30 (ca 1); 15:30 \u2013 17:00 (ca 2); 17:00 \u2013 18:30 (ca 3)<\/li>\n<\/ul>\n<h2>H\u1ecdc \u1edf \u0111\u00e2u?<\/h2>\n<ul>\n<li>H\u1ecdc tr\u1ef1c ti\u1ebfp t\u1ea1i <a href=\"https:\/\/www.wealthsuccess.edu.vn\">TRUNG T\u00c2M ANH NG\u1eee WEALTH SUCCESS<\/a>.<\/li>\n<li>C\u01a1 s\u1edf 1: 150 B\u00f9i V\u0103n Ba, P. T\u00e2n Thu\u1eadn \u0110\u00f4ng, Q7, Tp.HCM<\/li>\n<li>C\u01a1 s\u1edf 2: 14 \u0110\u01b0\u1eddng s\u1ed1 8, Khu D\u00e2n C\u01b0 Greenlife 13C, Phong Ph\u00fa, B\u00ecnh Ch\u00e1nh<\/li>\n<li>\u0110T: 0826 96 36 96 \/ 035 96 97 921<\/li>\n<li>Email: support@wealthsuccess.edu.vn<\/li>\n<li><a href=\"https:\/\/blog.wealthsuccess.edu.vn\/lien-he\">Li\u00ean h\u1ec7<\/a> ngay ch\u00fang t\u00f4i.<\/li>\n<\/ul>\n<div id=\"attachment_233756\" style=\"width: 650px\" class=\"wp-caption aligncenter\"><a href=\"https:\/\/www.wealthsuccess.edu.vn\/fun-starters\" target=\"_blank\" rel=\"noopener\"><img decoding=\"async\" aria-describedby=\"caption-attachment-233756\" class=\"wp-image-233756 size-full\" src=\"https:\/\/blog.wealthsuccess.edu.vn\/wp-content\/uploads\/2021\/04\/Family-and-Friends-Tie\u0302\u0301ng-Anh-cho-be\u0301-5-7-tuo\u0302\u0309i-To\u0302\u0301c-do\u0323\u0302-SIE\u0302U-NHANH-3x-5x-ANH-NGU\u031b\u0303-WS.jpg\" alt=\"FUN Starters - Tie\u0302\u0301ng Anh cho be\u0301 4-5 tuo\u0302\u0309i - WEALTH SUCCESS\" width=\"640\" height=\"640\" title=\"\" srcset=\"https:\/\/blog.wealthsuccess.edu.vn\/wp-content\/uploads\/2021\/04\/Family-and-Friends-Tie\u0302\u0301ng-Anh-cho-be\u0301-5-7-tuo\u0302\u0309i-To\u0302\u0301c-do\u0323\u0302-SIE\u0302U-NHANH-3x-5x-ANH-NGU\u031b\u0303-WS.jpg 640w, https:\/\/blog.wealthsuccess.edu.vn\/wp-content\/uploads\/2021\/04\/Family-and-Friends-Tie\u0302\u0301ng-Anh-cho-be\u0301-5-7-tuo\u0302\u0309i-To\u0302\u0301c-do\u0323\u0302-SIE\u0302U-NHANH-3x-5x-ANH-NGU\u031b\u0303-WS-300x300.jpg 300w, https:\/\/blog.wealthsuccess.edu.vn\/wp-content\/uploads\/2021\/04\/Family-and-Friends-Tie\u0302\u0301ng-Anh-cho-be\u0301-5-7-tuo\u0302\u0309i-To\u0302\u0301c-do\u0323\u0302-SIE\u0302U-NHANH-3x-5x-ANH-NGU\u031b\u0303-WS-1024x1024.jpg 1024w, https:\/\/blog.wealthsuccess.edu.vn\/wp-content\/uploads\/2021\/04\/Family-and-Friends-Tie\u0302\u0301ng-Anh-cho-be\u0301-5-7-tuo\u0302\u0309i-To\u0302\u0301c-do\u0323\u0302-SIE\u0302U-NHANH-3x-5x-ANH-NGU\u031b\u0303-WS-150x150.jpg 150w, https:\/\/blog.wealthsuccess.edu.vn\/wp-content\/uploads\/2021\/04\/Family-and-Friends-Tie\u0302\u0301ng-Anh-cho-be\u0301-5-7-tuo\u0302\u0309i-To\u0302\u0301c-do\u0323\u0302-SIE\u0302U-NHANH-3x-5x-ANH-NGU\u031b\u0303-WS-768x768.jpg 768w, https:\/\/blog.wealthsuccess.edu.vn\/wp-content\/uploads\/2021\/04\/Family-and-Friends-Tie\u0302\u0301ng-Anh-cho-be\u0301-5-7-tuo\u0302\u0309i-To\u0302\u0301c-do\u0323\u0302-SIE\u0302U-NHANH-3x-5x-ANH-NGU\u031b\u0303-WS-1536x1536.jpg 1536w, https:\/\/blog.wealthsuccess.edu.vn\/wp-content\/uploads\/2021\/04\/Family-and-Friends-Tie\u0302\u0301ng-Anh-cho-be\u0301-5-7-tuo\u0302\u0309i-To\u0302\u0301c-do\u0323\u0302-SIE\u0302U-NHANH-3x-5x-ANH-NGU\u031b\u0303-WS-2048x2048.jpg 2048w, https:\/\/blog.wealthsuccess.edu.vn\/wp-content\/uploads\/2021\/04\/Family-and-Friends-Tie\u0302\u0301ng-Anh-cho-be\u0301-5-7-tuo\u0302\u0309i-To\u0302\u0301c-do\u0323\u0302-SIE\u0302U-NHANH-3x-5x-ANH-NGU\u031b\u0303-WS-100x100.jpg 100w, https:\/\/blog.wealthsuccess.edu.vn\/wp-content\/uploads\/2021\/04\/Family-and-Friends-Tie\u0302\u0301ng-Anh-cho-be\u0301-5-7-tuo\u0302\u0309i-To\u0302\u0301c-do\u0323\u0302-SIE\u0302U-NHANH-3x-5x-ANH-NGU\u031b\u0303-WS-350x350.jpg 350w, https:\/\/blog.wealthsuccess.edu.vn\/wp-content\/uploads\/2021\/04\/Family-and-Friends-Tie\u0302\u0301ng-Anh-cho-be\u0301-5-7-tuo\u0302\u0309i-To\u0302\u0301c-do\u0323\u0302-SIE\u0302U-NHANH-3x-5x-ANH-NGU\u031b\u0303-WS-788x788.jpg 788w, https:\/\/blog.wealthsuccess.edu.vn\/wp-content\/uploads\/2021\/04\/Family-and-Friends-Tie\u0302\u0301ng-Anh-cho-be\u0301-5-7-tuo\u0302\u0309i-To\u0302\u0301c-do\u0323\u0302-SIE\u0302U-NHANH-3x-5x-ANH-NGU\u031b\u0303-WS-600x600.jpg 600w\" sizes=\"(max-width: 640px) 100vw, 640px\" \/><\/a><p id=\"caption-attachment-233756\" class=\"wp-caption-text\">FUN Starters &#8211; Tie\u0302\u0301ng Anh cho be\u0301 4-5 tuo\u0302\u0309i &#8211; WEALTH SUCCESS<\/p><\/div>\n<h2>\u01afu \u0111\u00e3i v\u00e0 T\u1eb7ng k\u00e8m<\/h2>\n<p>Khi \u0111\u0103ng k\u00fd kh\u00f3a h\u1ecdc FUN Starters, ph\u1ee5 huynh v\u00e0 c\u00e1c b\u00e9 s\u1ebd nh\u1eadn \u0111\u01b0\u1ee3c c\u00e1c \u01b0u \u0111\u00e3i v\u00e0 t\u1eb7ng k\u00e8m nh\u01b0 sau<\/p>\n<ul>\n<li><strong>GI\u1ea2M NGAY 30% H\u1ecdc ph\u00ed khi \u0111\u00f3ng 1 n\u0103m (50 tu\u1ea7n)<\/strong><\/li>\n<li><strong>T\u1eb6NG 1 phi\u1ebfu gi\u1ea3m gi\u00e1 ho\u1eb7c ti\u1ec1n m\u1eb7t 500.000 VND khi gi\u1edbi thi\u1ec7u 1 h\u1ecdc sinh m\u1edbi<\/strong><\/li>\n<li><strong>T\u1eb6NG 1 phi\u1ebfu gi\u1ea3m gi\u00e1 150.000 VND cho h\u1ecdc sinh \u0111\u01b0\u1ee3c gi\u1edbi thi\u1ec7u<\/strong>. \u00c1p d\u1ee5ng cho kh\u00f3a th\u1ee9 2<\/li>\n<li>\u0110\u01b0\u1ee3c thi th\u1eed MI\u1ec4N PH\u00cd c\u00e1c k\u1ef3 thi Pre A1 Starters (tr\u1ecb gi\u00e1 t\u1ed1i thi\u1ec3u 500.000 VND \/ k\u1ef3 thi)<\/li>\n<li>MI\u1ec4N PH\u00cd ki\u1ec3m tra \u0111\u1ea7u v\u00e0o v\u00e0 T\u01b0 v\u1ea5n l\u1ed9 tr\u00ecnh h\u1ecdc (tr\u1ecb gi\u00e1 200.000 VND)<\/li>\n<li>T\u1eb6NG MI\u1ec4N PH\u00cd audios (tr\u1ecb gi\u00e1 50.000 VND \u2013 100.000 VND \/ s\u00e1ch)<\/li>\n<li>H\u1ed7 tr\u1ee3 \u0111\u1eb7t s\u00e1ch.<\/li>\n<li>H\u1ed7 tr\u1ee3 MI\u1ec4N PH\u00cd \u00f4n thi m\u00f4n ti\u1ebfng Anh trong tr\u01b0\u1eddng<\/li>\n<li>Ngo\u00e0i h\u1ecdc ph\u00ed v\u00e0 ti\u1ec1n s\u00e1ch, ph\u1ee5 huynh \/ h\u1ecdc sinh KH\u00d4NG PH\u1ea2I CH\u1ecaU b\u1ea5t k\u1ef3 kho\u1ea3n ph\u00ed ph\u00e1t sinh n\u00e0o<\/li>\n<\/ul>\n","protected":false},"excerpt":{"rendered":"<p>Ch\u01b0\u01a1ng tr\u00ecnh Ti\u1ebfng Anh FUN Starters ph\u00f9 h\u1ee3p v\u1edbi c\u00e1c b\u00e9 4-5 tu\u1ed5i.<\/p>\n","protected":false},"featured_media":233754,"comment_status":"open","ping_status":"closed","template":"","meta":[],"store":[466],"product_brand":[],"product_cat":[290,289],"product_tag":[196,291],"class_list":{"0":"post-236418","1":"product","2":"type-product","3":"status-publish","4":"has-post-thumbnail","6":"store-wealth-success","7":"product_cat-fun","8":"product_cat-tieng-anh-tre-em","9":"product_tag-fun","10":"product_tag-tieng-anh-tre-em","11":"pa_dang-ky-1-khoa-8-tuan","12":"pa_dang-ky-1-nam-50-tuan","14":"first","15":"instock","16":"sale","17":"taxable","18":"shipping-taxable","19":"purchasable","20":"product-type-variable"},"_links":{"self":[{"href":"https:\/\/blog.wealthsuccess.edu.vn\/en\/wp-json\/wp\/v2\/product\/236418","targetHints":{"allow":["GET"]}}],"collection":[{"href":"https:\/\/blog.wealthsuccess.edu.vn\/en\/wp-json\/wp\/v2\/product"}],"about":[{"href":"https:\/\/blog.wealthsuccess.edu.vn\/en\/wp-json\/wp\/v2\/types\/product"}],"replies":[{"embeddable":true,"href":"https:\/\/blog.wealthsuccess.edu.vn\/en\/wp-json\/wp\/v2\/comments?post=236418"}],"version-history":[{"count":0,"href":"https:\/\/blog.wealthsuccess.edu.vn\/en\/wp-json\/wp\/v2\/product\/236418\/revisions"}],"wp:featuredmedia":[{"embeddable":true,"href":"https:\/\/blog.wealthsuccess.edu.vn\/en\/wp-json\/wp\/v2\/media\/233754"}],"wp:attachment":[{"href":"https:\/\/blog.wealthsuccess.edu.vn\/en\/wp-json\/wp\/v2\/media?parent=236418"}],"wp:term":[{"taxonomy":"store","embeddable":true,"href":"https:\/\/blog.wealthsuccess.edu.vn\/en\/wp-json\/wp\/v2\/store?post=236418"},{"taxonomy":"product_brand","embeddable":true,"href":"https:\/\/blog.wealthsuccess.edu.vn\/en\/wp-json\/wp\/v2\/product_brand?post=236418"},{"taxonomy":"product_cat","embeddable":true,"href":"https:\/\/blog.wealthsuccess.edu.vn\/en\/wp-json\/wp\/v2\/product_cat?post=236418"},{"taxonomy":"product_tag","embeddable":true,"href":"https:\/\/blog.wealthsuccess.edu.vn\/en\/wp-json\/wp\/v2\/product_tag?post=236418"}],"curies":[{"name":"wp","href":"https:\/\/api.w.org\/{rel}","templated":true}]}}