{"id":236862,"date":"2023-02-19T16:05:07","date_gmt":"2023-02-19T09:05:07","guid":{"rendered":"https:\/\/www.blog.wealthsuccess.edu.vn\/?post_type=product&#038;p=236862"},"modified":"2023-03-10T15:11:50","modified_gmt":"2023-03-10T08:11:50","slug":"chuyen-luyen-de-ielts","status":"publish","type":"product","link":"https:\/\/blog.wealthsuccess.edu.vn\/en\/product\/chuyen-luyen-de-ielts\/","title":{"rendered":"Chuy\u00ean Luy\u1ec7n \u0110\u1ec1 IELTS"},"content":{"rendered":"<h2>Ch\u01b0\u01a1ng tr\u00ecnh Chuy\u00ean Luy\u1ec7n \u0110\u1ec1 IELTS l\u00e0 g\u00ec?<\/h2>\n<ul>\n<li>Ch\u01b0\u01a1ng tr\u00ecnh Chuy\u00ean Luy\u1ec7n \u0110\u1ec1 IELTS l\u00e0 ch\u01b0\u01a1ng tr\u00ecnh luy\u1ec7n thi IELTS h\u1ecdc thu\u1eadt ch\u00ednh th\u1ee9c t\u1ea1i WEALTH SUCCESS. Th\u00f4ng qua ch\u01b0\u01a1ng tr\u00ecnh n\u00e0y, h\u1ecdc vi\u00ean \u0111\u01b0\u1ee3c l\u00e0m th\u1eed c\u00e1c \u0111\u1ec1 thi IELTS m\u00f4 ph\u1ecfng \u0111\u1ec1 thi th\u1eadt, gi\u00fap h\u1ecdc vi\u00ean bi\u1ebft \u0111\u01b0\u1ee3c ch\u00ednh x\u00e1c \u0111i\u1ec3m s\u1ed1 c\u1ee7a c\u1ea3 4 k\u1ef9 n\u0103ng bao g\u1ed3m Nghe, N\u00f3i, \u0110\u1ecdc, v\u00e0 Vi\u1ebft.<\/li>\n<li>Ch\u01b0\u01a1ng tr\u00ecnh CHUY\u00caN LUY\u1ec6N \u0110\u1ec0 IELTS c\u00f3 th\u1ec3 n\u00f3i l\u00e0 ch\u01b0\u01a1ng tr\u00ecnh t\u0103ng c\u01b0\u1eddng IELTS hi\u1ec7u qu\u1ea3, \u0111\u1eb7c bi\u1ec7t l\u00e0 \u0111\u1ed1i v\u1edbi nh\u1eefng h\u1ecdc vi\u00ean \u0111ang theo h\u1ecdc c\u00e1c ch\u01b0\u01a1ng tr\u00ecnh IELTS kh\u00e1c t\u1ea1i Wealth Success. C\u00e1c b\u1ea1n n\u00ean k\u1ebft h\u1ee3p h\u1ecdc song song c\u1ea3 ch\u01b0\u01a1ng tr\u00ecnh IELTS th\u00f4ng th\u01b0\u1eddng c\u00f9ng v\u1edbi ch\u01b0\u01a1ng tr\u00ecnh CHUY\u00caN LUY\u1ec6N \u0110\u1ec0 IELTS \u0111\u1ec3 \u0111\u1ea1t \u0111\u01b0\u1ee3c k\u1ebft qu\u1ea3 cao nh\u1ea5t trong k\u1ef3 thi.<\/li>\n<li>Ngo\u00e0i ra, \u0111\u1ec3 d\u1ea1y \u0111\u01b0\u1ee3c ch\u01b0\u01a1ng tr\u00ecnh CHUY\u00caN LUY\u1ec6N \u0110\u1ec0 IELTS n\u00e0y, th\u00ec \u0111\u00f2i h\u1ecfi gi\u00e1o vi\u00ean ph\u1ea3i c\u00f3 tr\u00ecnh \u0111\u1ed9 chuy\u00ean m\u00f4n r\u1ea5t cao, m\u00e0 kh\u00f4ng ph\u1ea3i b\u1ea5t k\u1ef3 gi\u00e1o vi\u00ean d\u1ea1y IELTS n\u00e0o c\u0169ng c\u00f3 th\u1ec3 l\u00e0m \u0111\u01b0\u1ee3c. Cho n\u00ean c\u00e1c h\u1ecdc vi\u00ean c\u00f3 th\u1ec3 ho\u00e0n to\u00e0n y\u00ean t\u00e2m v\u1ec1 ch\u01b0\u01a1ng tr\u00ecnh h\u1ecdc v\u00e0 ch\u1ea5t l\u01b0\u1ee3ng gi\u1ea3ng d\u1ea1y c\u1ee7a gi\u00e1o vi\u00ean t\u1ea1i Wealth Success.<\/li>\n<\/ul>\n<h2>C\u00e1c h\u1ecdc vi\u00ean s\u1ebd h\u1ecdc \u0111\u01b0\u1ee3c g\u00ec?<\/h2>\n<ul>\n<li>H\u1ecdc vi\u00ean s\u1ebd ch\u1ec9 t\u1eadp trung v\u00e0o l\u00e0m c\u00e1c \u0111\u1ec1 thi IELTS th\u1eadt v\u1edbi \u0111\u1ea7y \u0111\u1ee7 4 ph\u1ea7n thi Nghe, N\u00f3i, \u0110\u1ecdc, v\u00e0 Vi\u1ebft.<\/li>\n<li>C\u00e1ch th\u1ee9c l\u00e0m b\u00e0i thi s\u1ebd \u0111\u01b0\u1ee3c m\u00f4 ph\u1ecfng gi\u1ed1ng y nh\u01b0 khi \u0111i thi th\u1eadt \u0111\u1ec3 gi\u00fap c\u00e1c em l\u00e0m quen, c\u1ecd s\u00e1t, v\u00e0 nh\u1ea1y b\u00e9n h\u01a1n khi \u0111i thi th\u1eadt (Chi ph\u00ed cho m\u1ed9t k\u1ef3 thi IELTS th\u1ef1c t\u1ebf l\u00ean \u0111\u1ebfn kho\u1ea3ng 5.000.000 VND \/ k\u1ef3 thi).<\/li>\n<li>Sau khi thi xong, gi\u00e1o vi\u00ean s\u1ebd ch\u1ea5m \u0111i\u1ec3m gi\u1ed1ng nh\u01b0 thi th\u1eadt \u0111\u1ec3 ph\u1ee5 huynh v\u00e0 c\u00e1c em h\u1ecdc sinh d\u1ec5 d\u00e0ng bi\u1ebft \u0111\u01b0\u1ee3c tr\u00ecnh \u0111\u1ed9 c\u1ee7a m\u00ecnh \u0111ang \u0111\u01b0\u1ee3c IELTS m\u1ea5y ch\u1ea5m v\u00e0 t\u1ed1c \u0111\u1ed9 ti\u1ebfn b\u1ed9 ra sao.<\/li>\n<li>Gi\u00e1o vi\u00ean s\u1ebd s\u1eeda chi ti\u1ebft t\u1ea5t c\u1ea3 c\u00e1c b\u00e0i thi, gi\u00fap c\u00e1c em hi\u1ec3u to\u00e0n b\u1ed9 b\u00e0i thi g\u1ed3m t\u1eeb v\u1ef1ng, c\u1ea5u tr\u00fac ng\u1eef ph\u00e1p ph\u1ee9c t\u1ea1p, gi\u1ea3i th\u00edch c\u1eb7n k\u1ebd l\u00fd do t\u1ea1i sao l\u1ea1i \u0111i\u1ec1n \u0111\u00e1p \u00e1n nh\u01b0 v\u1eady, c\u0169ng nh\u01b0 t\u01b0 v\u1ea5n cho c\u00e1c em c\u00e1ch luy\u1ec7n t\u1eadp hi\u1ec7u qu\u1ea3 v\u00e0 n\u00e2ng c\u1ea5p c\u00e1c k\u1ef9 n\u0103ng c\u1ee7a m\u00ecnh \u0111\u1ec3 \u0111\u1ea1t \u0111\u01b0\u1ee3c \u0111i\u1ec3m cao h\u01a1n trong k\u1ef3 thi ti\u1ebfp theo.<\/li>\n<\/ul>\n<div id=\"attachment_236872\" style=\"width: 650px\" class=\"wp-caption aligncenter\"><img fetchpriority=\"high\" decoding=\"async\" aria-describedby=\"caption-attachment-236872\" class=\"wp-image-236872\" src=\"https:\/\/blog.wealthsuccess.edu.vn\/wp-content\/uploads\/2023\/02\/Chuye\u0302n-Luye\u0323\u0302n-de\u0302\u0300-IELTS-Wealth-Success-tra\u0309i-nghie\u0323\u0302m-lie\u0302n-tu\u0323c-ky\u0300-thi-mo\u0302-pho\u0309ng-ky\u0300-thi-IELTS-tha\u0323\u0302t-300x200.jpg\" alt=\"Chuye\u0302n Luye\u0323\u0302n \u0111e\u0302\u0300 IELTS - Wealth Success - tra\u0309i nghie\u0323\u0302m lie\u0302n tu\u0323c ky\u0300 thi mo\u0302 pho\u0309ng ky\u0300 thi IELTS tha\u0323\u0302t\" width=\"640\" height=\"427\" title=\"\" srcset=\"https:\/\/blog.wealthsuccess.edu.vn\/wp-content\/uploads\/2023\/02\/Chuye\u0302n-Luye\u0323\u0302n-de\u0302\u0300-IELTS-Wealth-Success-tra\u0309i-nghie\u0323\u0302m-lie\u0302n-tu\u0323c-ky\u0300-thi-mo\u0302-pho\u0309ng-ky\u0300-thi-IELTS-tha\u0323\u0302t-300x200.jpg 300w, https:\/\/blog.wealthsuccess.edu.vn\/wp-content\/uploads\/2023\/02\/Chuye\u0302n-Luye\u0323\u0302n-de\u0302\u0300-IELTS-Wealth-Success-tra\u0309i-nghie\u0323\u0302m-lie\u0302n-tu\u0323c-ky\u0300-thi-mo\u0302-pho\u0309ng-ky\u0300-thi-IELTS-tha\u0323\u0302t-1024x683.jpg 1024w, https:\/\/blog.wealthsuccess.edu.vn\/wp-content\/uploads\/2023\/02\/Chuye\u0302n-Luye\u0323\u0302n-de\u0302\u0300-IELTS-Wealth-Success-tra\u0309i-nghie\u0323\u0302m-lie\u0302n-tu\u0323c-ky\u0300-thi-mo\u0302-pho\u0309ng-ky\u0300-thi-IELTS-tha\u0323\u0302t-768x512.jpg 768w, https:\/\/blog.wealthsuccess.edu.vn\/wp-content\/uploads\/2023\/02\/Chuye\u0302n-Luye\u0323\u0302n-de\u0302\u0300-IELTS-Wealth-Success-tra\u0309i-nghie\u0323\u0302m-lie\u0302n-tu\u0323c-ky\u0300-thi-mo\u0302-pho\u0309ng-ky\u0300-thi-IELTS-tha\u0323\u0302t-1536x1024.jpg 1536w, https:\/\/blog.wealthsuccess.edu.vn\/wp-content\/uploads\/2023\/02\/Chuye\u0302n-Luye\u0323\u0302n-de\u0302\u0300-IELTS-Wealth-Success-tra\u0309i-nghie\u0323\u0302m-lie\u0302n-tu\u0323c-ky\u0300-thi-mo\u0302-pho\u0309ng-ky\u0300-thi-IELTS-tha\u0323\u0302t-2048x1365.jpg 2048w, https:\/\/blog.wealthsuccess.edu.vn\/wp-content\/uploads\/2023\/02\/Chuye\u0302n-Luye\u0323\u0302n-de\u0302\u0300-IELTS-Wealth-Success-tra\u0309i-nghie\u0323\u0302m-lie\u0302n-tu\u0323c-ky\u0300-thi-mo\u0302-pho\u0309ng-ky\u0300-thi-IELTS-tha\u0323\u0302t-225x150.jpg 225w, https:\/\/blog.wealthsuccess.edu.vn\/wp-content\/uploads\/2023\/02\/Chuye\u0302n-Luye\u0323\u0302n-de\u0302\u0300-IELTS-Wealth-Success-tra\u0309i-nghie\u0323\u0302m-lie\u0302n-tu\u0323c-ky\u0300-thi-mo\u0302-pho\u0309ng-ky\u0300-thi-IELTS-tha\u0323\u0302t-100x67.jpg 100w, https:\/\/blog.wealthsuccess.edu.vn\/wp-content\/uploads\/2023\/02\/Chuye\u0302n-Luye\u0323\u0302n-de\u0302\u0300-IELTS-Wealth-Success-tra\u0309i-nghie\u0323\u0302m-lie\u0302n-tu\u0323c-ky\u0300-thi-mo\u0302-pho\u0309ng-ky\u0300-thi-IELTS-tha\u0323\u0302t-525x350.jpg 525w, https:\/\/blog.wealthsuccess.edu.vn\/wp-content\/uploads\/2023\/02\/Chuye\u0302n-Luye\u0323\u0302n-de\u0302\u0300-IELTS-Wealth-Success-tra\u0309i-nghie\u0323\u0302m-lie\u0302n-tu\u0323c-ky\u0300-thi-mo\u0302-pho\u0309ng-ky\u0300-thi-IELTS-tha\u0323\u0302t-788x525.jpg 788w, https:\/\/blog.wealthsuccess.edu.vn\/wp-content\/uploads\/2023\/02\/Chuye\u0302n-Luye\u0323\u0302n-de\u0302\u0300-IELTS-Wealth-Success-tra\u0309i-nghie\u0323\u0302m-lie\u0302n-tu\u0323c-ky\u0300-thi-mo\u0302-pho\u0309ng-ky\u0300-thi-IELTS-tha\u0323\u0302t-600x400.jpg 600w, https:\/\/blog.wealthsuccess.edu.vn\/wp-content\/uploads\/2023\/02\/Chuye\u0302n-Luye\u0323\u0302n-de\u0302\u0300-IELTS-Wealth-Success-tra\u0309i-nghie\u0323\u0302m-lie\u0302n-tu\u0323c-ky\u0300-thi-mo\u0302-pho\u0309ng-ky\u0300-thi-IELTS-tha\u0323\u0302t.jpg 1200w\" sizes=\"(max-width: 640px) 100vw, 640px\" \/><p id=\"caption-attachment-236872\" class=\"wp-caption-text\">Chuye\u0302n Luye\u0323\u0302n \u0111e\u0302\u0300 IELTS &#8211; Wealth Success &#8211; tra\u0309i nghie\u0323\u0302m lie\u0302n tu\u0323c ky\u0300 thi mo\u0302 pho\u0309ng ky\u0300 thi IELTS tha\u0323\u0302t<\/p><\/div>\n<h2>\u0110i\u1ec1u ki\u1ec7n \u0111\u1ec3 tham gia l\u1edbp Chuy\u00ean Luy\u1ec7n \u0110\u1ec1 IELTS?<\/h2>\n<ul>\n<li>Do \u0111\u00e2y l\u00e0 ch\u01b0\u01a1ng tr\u00ecnh chuy\u00ean luy\u1ec7n c\u00e1c \u0111\u1ec1 thi IELTS Academic (IELTS H\u1ecdc thu\u1eadt), cho n\u00ean y\u00eau c\u1ea7u h\u1ecdc sinh ph\u1ea3i t\u1eebng h\u1ecdc qua ho\u1eb7c \u0111ang theo h\u1ecdc ch\u01b0\u01a1ng tr\u00ecnh IELTS (v\u00ed d\u1ee5 nh\u01b0 ch\u01b0\u01a1ng tr\u00ecnh\u00a0<a href=\"https:\/\/blog.wealthsuccess.edu.vn\/product\/ielts-band-4-5\">IELTS band 4-5<\/a>,\u00a0<a href=\"https:\/\/blog.wealthsuccess.edu.vn\/product\/ielts-band-5-6-5\">IELTS band 5-6.5<\/a>, ho\u1eb7c\u00a0<a href=\"https:\/\/blog.wealthsuccess.edu.vn\/product\/ielts-band-6-5-7-5\">IELTS band 6.5-7.5<\/a>\u00a0c\u1ee7a Wealth Success) v\u00e0 c\u00f3 tr\u00ecnh \u0111\u1ed9 kh\u00e1 gi\u1ecfi ho\u1eb7c t\u1ed1i thi\u1ec3u t\u01b0\u01a1ng \u0111\u01b0\u01a1ng IELTS 4.0.<\/li>\n<li>V\u00ec \u0111\u00e2y l\u00e0 l\u1edbp CHUY\u00caN IELTS, cho n\u00ean \u0111\u1ed1i v\u1edbi nh\u1eefng h\u1ecdc vi\u00ean c\u00f3 tr\u00ecnh \u0111\u1ed9 th\u1ea5p h\u01a1n IELTS 4.0, ch\u00fang t\u00f4i kh\u00f4ng khuy\u1ebfn kh\u00edch tham gia ch\u01b0\u01a1ng tr\u00ecnh n\u00e0y v\u00ec s\u1ebd r\u1ea5t kh\u00f3 \u0111\u1ec3 h\u1ecdc vi\u00ean c\u00f3 th\u1ec3 theo k\u1ecbp. Thay v\u00e0o \u0111\u00f3, h\u1ecdc vi\u00ean c\u00f3 th\u1ec3 b\u1eaft \u0111\u1ea7u v\u1edbi ch\u01b0\u01a1ng tr\u00ecnh\u00a0<a href=\"https:\/\/blog.wealthsuccess.edu.vn\/product\/ielts-foundation\">IELTS Foundation<\/a>\u00a0c\u1ee7a Wealth Success.<\/li>\n<\/ul>\n<h2>H\u1ecdc vi\u00ean s\u1ebd \u0111\u1ea1t tr\u00ecnh \u0111\u1ed9 n\u00e0o sau khi k\u1ebft th\u00fac kh\u00f3a h\u1ecdc?<\/h2>\n<p>Sau khi k\u1ebft th\u00fac kh\u00f3a h\u1ecdc, tr\u00ecnh \u0111\u1ed9 c\u1ee7a h\u1ecdc vi\u00ean s\u1ebd t\u01b0\u01a1ng \u0111\u01b0\u01a1ng v\u1edbi IELTS band 7 \u2013 7.5. L\u00fac n\u00e0y h\u1ecdc vi\u00ean ho\u00e0n to\u00e0n c\u00f3 th\u1ec3 t\u1ef1 tin \u0111i thi IELTS c\u0169ng nh\u01b0 l\u00e0 theo h\u1ecdc t\u1ea1i c\u00e1c tr\u01b0\u1eddng \u0111\u1ea1i h\u1ecdc danh ti\u1ebfng th\u1ebf gi\u1edbi, xin vi\u1ec7c t\u1ea1i c\u00e1c c\u00f4ng ty, t\u1eadp \u0111o\u00e0n \u0111a qu\u1ed1c gia ho\u1eb7c xin \u0111\u1ecbnh c\u01b0 t\u1ea1i c\u00e1c n\u01b0\u1edbc n\u00f3i ti\u1ebfng Anh.<\/p>\n<h2>H\u1ecdc ng\u00e0y n\u00e0o v\u00e0 th\u1eddi gian n\u00e0o?<\/h2>\n<p>Ng\u00e0y h\u1ecdc s\u1ebd \u0111\u01b0\u1ee3c t\u01b0 v\u1ea5n c\u1ee5 th\u1ec3 sau khi ki\u1ec3m tra s\u1eafp l\u1edbp. Qu\u00fd ph\u1ee5 huynh v\u00e0 h\u1ecdc sinh c\u00f3 th\u1ec3 tham kh\u1ea3o m\u1ed9t s\u1ed1 ng\u00e0y v\u00e0 gi\u1edd h\u1ecdc d\u01b0\u1edbi \u0111\u00e2y:<\/p>\n<ul>\n<li>Th\u1ee9 2 &amp; 6 (T\u1ed1i): 17:30 \u2013 19:00 (ca 1); 19:00 \u2013 20:30 (ca 2)<\/li>\n<li>Th\u1ee9 3 &amp; 5 (T\u1ed1i): 17:30 \u2013 19:00 (ca 1); 19:00 \u2013 20:30 (ca 2)<\/li>\n<li>Th\u1ee9 7 &amp; CN (S\u00e1ng): 8:00 \u2013 9:30 (ca 1); 9:30 \u2013 11:00 (ca 2)<\/li>\n<li>Th\u1ee9 7 &amp; CN (Chi\u1ec1u &amp; T\u1ed1i): 14:00 \u2013 15:30 (ca 1); 15:30 \u2013 17:00 (ca 2); 17:00 \u2013 18:30 (ca 3)<\/li>\n<\/ul>\n<h2>H\u1ecdc \u1edf \u0111\u00e2u?<\/h2>\n<ul>\n<li>H\u1ecdc tr\u1ef1c ti\u1ebfp t\u1ea1i <a href=\"https:\/\/www.wealthsuccess.edu.vn\">TRUNG T\u00c2M ANH NG\u1eee WEALTH SUCCESS<\/a>.<\/li>\n<li>C\u01a1 s\u1edf 1: 150 B\u00f9i V\u0103n Ba, P. T\u00e2n Thu\u1eadn \u0110\u00f4ng, Q7, Tp. HCM<\/li>\n<li>C\u01a1 s\u1edf 2: 14 \u0110\u01b0\u1eddng s\u1ed1 8, Khu D\u00e2n C\u01b0 Greenlife 13C, Phong Ph\u00fa, B\u00ecnh Ch\u00e1nh<\/li>\n<li>\u0110T: 0826 96 36 96 \/ 035 96 97 921<\/li>\n<li>Email: support@wealthsuccess.edu.vn<\/li>\n<li><a href=\"https:\/\/blog.wealthsuccess.edu.vn\/lien-he\">Li\u00ean h\u1ec7<\/a> ngay ch\u00fang t\u00f4i.<\/li>\n<\/ul>\n<div id=\"attachment_236877\" style=\"width: 650px\" class=\"wp-caption aligncenter\"><img decoding=\"async\" aria-describedby=\"caption-attachment-236877\" class=\"wp-image-236877\" src=\"https:\/\/blog.wealthsuccess.edu.vn\/wp-content\/uploads\/2023\/02\/Chuye\u0302n-Luye\u0323\u0302n-de\u0302\u0300-IELTS-Wealth-Success-sa\u0306\u0303n-sa\u0300ng-la\u0300m-vie\u0323\u0302c-trong-mo\u0302i-tru\u031bo\u031b\u0300ng-quo\u0302\u0301c-te\u0302\u0301-na\u0306ng-do\u0323\u0302ng-300x200.jpg\" alt=\"Chuye\u0302n Luye\u0323\u0302n \u0111e\u0302\u0300 IELTS - Wealth Success - sa\u0306\u0303n sa\u0300ng la\u0300m vie\u0323\u0302c trong mo\u0302i tru\u031bo\u031b\u0300ng quo\u0302\u0301c te\u0302\u0301 na\u0306ng \u0111o\u0323\u0302ng\" width=\"640\" height=\"427\" title=\"\" srcset=\"https:\/\/blog.wealthsuccess.edu.vn\/wp-content\/uploads\/2023\/02\/Chuye\u0302n-Luye\u0323\u0302n-de\u0302\u0300-IELTS-Wealth-Success-sa\u0306\u0303n-sa\u0300ng-la\u0300m-vie\u0323\u0302c-trong-mo\u0302i-tru\u031bo\u031b\u0300ng-quo\u0302\u0301c-te\u0302\u0301-na\u0306ng-do\u0323\u0302ng-300x200.jpg 300w, https:\/\/blog.wealthsuccess.edu.vn\/wp-content\/uploads\/2023\/02\/Chuye\u0302n-Luye\u0323\u0302n-de\u0302\u0300-IELTS-Wealth-Success-sa\u0306\u0303n-sa\u0300ng-la\u0300m-vie\u0323\u0302c-trong-mo\u0302i-tru\u031bo\u031b\u0300ng-quo\u0302\u0301c-te\u0302\u0301-na\u0306ng-do\u0323\u0302ng-1024x683.jpg 1024w, https:\/\/blog.wealthsuccess.edu.vn\/wp-content\/uploads\/2023\/02\/Chuye\u0302n-Luye\u0323\u0302n-de\u0302\u0300-IELTS-Wealth-Success-sa\u0306\u0303n-sa\u0300ng-la\u0300m-vie\u0323\u0302c-trong-mo\u0302i-tru\u031bo\u031b\u0300ng-quo\u0302\u0301c-te\u0302\u0301-na\u0306ng-do\u0323\u0302ng-768x512.jpg 768w, https:\/\/blog.wealthsuccess.edu.vn\/wp-content\/uploads\/2023\/02\/Chuye\u0302n-Luye\u0323\u0302n-de\u0302\u0300-IELTS-Wealth-Success-sa\u0306\u0303n-sa\u0300ng-la\u0300m-vie\u0323\u0302c-trong-mo\u0302i-tru\u031bo\u031b\u0300ng-quo\u0302\u0301c-te\u0302\u0301-na\u0306ng-do\u0323\u0302ng-1536x1024.jpg 1536w, https:\/\/blog.wealthsuccess.edu.vn\/wp-content\/uploads\/2023\/02\/Chuye\u0302n-Luye\u0323\u0302n-de\u0302\u0300-IELTS-Wealth-Success-sa\u0306\u0303n-sa\u0300ng-la\u0300m-vie\u0323\u0302c-trong-mo\u0302i-tru\u031bo\u031b\u0300ng-quo\u0302\u0301c-te\u0302\u0301-na\u0306ng-do\u0323\u0302ng-2048x1365.jpg 2048w, https:\/\/blog.wealthsuccess.edu.vn\/wp-content\/uploads\/2023\/02\/Chuye\u0302n-Luye\u0323\u0302n-de\u0302\u0300-IELTS-Wealth-Success-sa\u0306\u0303n-sa\u0300ng-la\u0300m-vie\u0323\u0302c-trong-mo\u0302i-tru\u031bo\u031b\u0300ng-quo\u0302\u0301c-te\u0302\u0301-na\u0306ng-do\u0323\u0302ng-225x150.jpg 225w, https:\/\/blog.wealthsuccess.edu.vn\/wp-content\/uploads\/2023\/02\/Chuye\u0302n-Luye\u0323\u0302n-de\u0302\u0300-IELTS-Wealth-Success-sa\u0306\u0303n-sa\u0300ng-la\u0300m-vie\u0323\u0302c-trong-mo\u0302i-tru\u031bo\u031b\u0300ng-quo\u0302\u0301c-te\u0302\u0301-na\u0306ng-do\u0323\u0302ng-100x67.jpg 100w, https:\/\/blog.wealthsuccess.edu.vn\/wp-content\/uploads\/2023\/02\/Chuye\u0302n-Luye\u0323\u0302n-de\u0302\u0300-IELTS-Wealth-Success-sa\u0306\u0303n-sa\u0300ng-la\u0300m-vie\u0323\u0302c-trong-mo\u0302i-tru\u031bo\u031b\u0300ng-quo\u0302\u0301c-te\u0302\u0301-na\u0306ng-do\u0323\u0302ng-525x350.jpg 525w, https:\/\/blog.wealthsuccess.edu.vn\/wp-content\/uploads\/2023\/02\/Chuye\u0302n-Luye\u0323\u0302n-de\u0302\u0300-IELTS-Wealth-Success-sa\u0306\u0303n-sa\u0300ng-la\u0300m-vie\u0323\u0302c-trong-mo\u0302i-tru\u031bo\u031b\u0300ng-quo\u0302\u0301c-te\u0302\u0301-na\u0306ng-do\u0323\u0302ng-788x525.jpg 788w, https:\/\/blog.wealthsuccess.edu.vn\/wp-content\/uploads\/2023\/02\/Chuye\u0302n-Luye\u0323\u0302n-de\u0302\u0300-IELTS-Wealth-Success-sa\u0306\u0303n-sa\u0300ng-la\u0300m-vie\u0323\u0302c-trong-mo\u0302i-tru\u031bo\u031b\u0300ng-quo\u0302\u0301c-te\u0302\u0301-na\u0306ng-do\u0323\u0302ng-600x400.jpg 600w, https:\/\/blog.wealthsuccess.edu.vn\/wp-content\/uploads\/2023\/02\/Chuye\u0302n-Luye\u0323\u0302n-de\u0302\u0300-IELTS-Wealth-Success-sa\u0306\u0303n-sa\u0300ng-la\u0300m-vie\u0323\u0302c-trong-mo\u0302i-tru\u031bo\u031b\u0300ng-quo\u0302\u0301c-te\u0302\u0301-na\u0306ng-do\u0323\u0302ng.jpg 1200w\" sizes=\"(max-width: 640px) 100vw, 640px\" \/><p id=\"caption-attachment-236877\" class=\"wp-caption-text\">Chuye\u0302n Luye\u0323\u0302n \u0111e\u0302\u0300 IELTS &#8211; Wealth Success &#8211; sa\u0306\u0303n sa\u0300ng la\u0300m vie\u0323\u0302c trong mo\u0302i tru\u031bo\u031b\u0300ng quo\u0302\u0301c te\u0302\u0301 na\u0306ng \u0111o\u0323\u0302ng<\/p><\/div>\n<h2>\u01afu \u0111\u00e3i v\u00e0 T\u1eb7ng k\u00e8m<\/h2>\n<p>Khi \u0111\u0103ng k\u00fd kh\u00f3a h\u1ecdc IELTS Band 6.5-7.5, h\u1ecdc vi\u00ean s\u1ebd nh\u1eadn \u0111\u01b0\u1ee3c c\u00e1c \u01b0u \u0111\u00e3i v\u00e0 t\u1eb7ng k\u00e8m nh\u01b0 sau<\/p>\n<ul>\n<li><strong>GI\u1ea2M NGAY 30% H\u1ecdc ph\u00ed khi \u0111\u00f3ng 1 n\u0103m (50 tu\u1ea7n)<\/strong><\/li>\n<li><strong>T\u1eb6NG 1 phi\u1ebfu gi\u1ea3m gi\u00e1 ho\u1eb7c ti\u1ec1n m\u1eb7t 500.000 VND khi gi\u1edbi thi\u1ec7u 1 h\u1ecdc sinh m\u1edbi<\/strong><\/li>\n<li><strong>T\u1eb6NG 1 phi\u1ebfu gi\u1ea3m gi\u00e1 150.000 VND cho h\u1ecdc sinh \u0111\u01b0\u1ee3c gi\u1edbi thi\u1ec7u<\/strong>. \u00c1p d\u1ee5ng cho kh\u00f3a th\u1ee9 2<\/li>\n<li>\u0110\u01b0\u1ee3c thi th\u1eed MI\u1ec4N PH\u00cd c\u00e1c k\u1ef3 thi IELTS (tr\u1ecb gi\u00e1 kho\u1ea3ng 5.000.000 VND \/ k\u1ef3 thi)<\/li>\n<li>MI\u1ec4N PH\u00cd ki\u1ec3m tra \u0111\u1ea7u v\u00e0o v\u00e0 T\u01b0 v\u1ea5n l\u1ed9 tr\u00ecnh h\u1ecdc (tr\u1ecb gi\u00e1 200.000 VND)<\/li>\n<li>T\u1eb6NG MI\u1ec4N PH\u00cd audios (tr\u1ecb gi\u00e1 50.000 VND \u2013 100.000 VND \/ s\u00e1ch)<\/li>\n<li>H\u1ed7 tr\u1ee3 \u0111\u1eb7t s\u00e1ch.<\/li>\n<li>H\u1ed7 tr\u1ee3 MI\u1ec4N PH\u00cd \u00f4n thi m\u00f4n ti\u1ebfng Anh trong tr\u01b0\u1eddng<\/li>\n<li>Ngo\u00e0i h\u1ecdc ph\u00ed v\u00e0 ti\u1ec1n s\u00e1ch, ph\u1ee5 huynh \/ h\u1ecdc sinh KH\u00d4NG PH\u1ea2I CH\u1ecaU b\u1ea5t k\u1ef3 kho\u1ea3n ph\u00ed ph\u00e1t sinh n\u00e0o<\/li>\n<\/ul>\n","protected":false},"excerpt":{"rendered":"<p>Tr\u1ea3i nghi\u1ec7m li\u00ean t\u1ee5c c\u00e1c \u0111\u1ec1 thi m\u00f4 ph\u1ecfng k\u1ef3 thi IELTS th\u1eadt bao g\u1ed3m 4 ph\u1ea7n thi Nghe, N\u00f3i, \u0110\u1ecdc, v\u00e0 Vi\u1ebft, gi\u00fap h\u1ecdc vi\u00ean bi\u1ebft ch\u00ednh x\u00e1c s\u1ed1 \u0111i\u1ec3m IELTS hi\u1ec7n t\u1ea1i v\u00e0 c\u00e1ch t\u0103ng band nhanh ch\u00f3ng<\/p>\n","protected":false},"featured_media":236870,"comment_status":"open","ping_status":"closed","template":"","meta":[],"store":[466],"product_brand":[],"product_cat":[519,217],"product_tag":[520,302],"class_list":{"0":"post-236862","1":"product","2":"type-product","3":"status-publish","4":"has-post-thumbnail","6":"store-wealth-success","7":"product_cat-chuyen-luyen-de-ielts","8":"product_cat-ielts","9":"product_tag-chuyen-luyen-de-ielts","10":"product_tag-ielts","11":"pa_dang-ky-1-khoa-8-tuan","12":"pa_dang-ky-1-nam-50-tuan","14":"first","15":"instock","16":"sale","17":"taxable","18":"shipping-taxable","19":"purchasable","20":"product-type-variable"},"_links":{"self":[{"href":"https:\/\/blog.wealthsuccess.edu.vn\/en\/wp-json\/wp\/v2\/product\/236862","targetHints":{"allow":["GET"]}}],"collection":[{"href":"https:\/\/blog.wealthsuccess.edu.vn\/en\/wp-json\/wp\/v2\/product"}],"about":[{"href":"https:\/\/blog.wealthsuccess.edu.vn\/en\/wp-json\/wp\/v2\/types\/product"}],"replies":[{"embeddable":true,"href":"https:\/\/blog.wealthsuccess.edu.vn\/en\/wp-json\/wp\/v2\/comments?post=236862"}],"version-history":[{"count":0,"href":"https:\/\/blog.wealthsuccess.edu.vn\/en\/wp-json\/wp\/v2\/product\/236862\/revisions"}],"wp:featuredmedia":[{"embeddable":true,"href":"https:\/\/blog.wealthsuccess.edu.vn\/en\/wp-json\/wp\/v2\/media\/236870"}],"wp:attachment":[{"href":"https:\/\/blog.wealthsuccess.edu.vn\/en\/wp-json\/wp\/v2\/media?parent=236862"}],"wp:term":[{"taxonomy":"store","embeddable":true,"href":"https:\/\/blog.wealthsuccess.edu.vn\/en\/wp-json\/wp\/v2\/store?post=236862"},{"taxonomy":"product_brand","embeddable":true,"href":"https:\/\/blog.wealthsuccess.edu.vn\/en\/wp-json\/wp\/v2\/product_brand?post=236862"},{"taxonomy":"product_cat","embeddable":true,"href":"https:\/\/blog.wealthsuccess.edu.vn\/en\/wp-json\/wp\/v2\/product_cat?post=236862"},{"taxonomy":"product_tag","embeddable":true,"href":"https:\/\/blog.wealthsuccess.edu.vn\/en\/wp-json\/wp\/v2\/product_tag?post=236862"}],"curies":[{"name":"wp","href":"https:\/\/api.w.org\/{rel}","templated":true}]}}